{"id":10159,"date":"2023-12-14T23:01:10","date_gmt":"2023-12-14T23:01:10","guid":{"rendered":"https:\/\/atmalzemesi.com\/eskisite\/?post_type=product&#038;p=10159"},"modified":"2024-10-05T12:12:12","modified_gmt":"2024-10-05T12:12:12","slug":"nalbant-bicagi-mustad-280-mm","status":"publish","type":"product","link":"https:\/\/atmalzemesi.com\/eskisite\/urun\/nalbant-bicagi-mustad-280-mm\/","title":{"rendered":"Nalbant B\u0131\u00e7a\u011f\u0131  (Mustad 280 mm)"},"content":{"rendered":"<p>Nalbant b\u0131\u00e7a\u011f\u0131 \u00a0Mustad marka 280\u00a0mm<\/p>\n","protected":false},"excerpt":{"rendered":"<p>Nalbant b\u0131\u00e7a\u011f\u0131 \u00a0Mustad marka 280\u00a0mm<\/p>\n","protected":false},"featured_media":10189,"comment_status":"open","ping_status":"closed","template":"","meta":{"_joinchat":[]},"product_cat":[333,332,334,335],"product_tag":[],"class_list":{"0":"post-10159","1":"product","2":"type-product","3":"status-publish","4":"has-post-thumbnail","6":"product_cat-bicak","7":"product_cat-nal-ve-nalbant-malzemeleri","8":"product_cat-nalbant-malzemeleri","9":"product_cat-urunler","11":"first","12":"instock","13":"shipping-taxable","14":"purchasable","15":"product-type-simple"},"_links":{"self":[{"href":"https:\/\/atmalzemesi.com\/eskisite\/wp-json\/wp\/v2\/product\/10159","targetHints":{"allow":["GET"]}}],"collection":[{"href":"https:\/\/atmalzemesi.com\/eskisite\/wp-json\/wp\/v2\/product"}],"about":[{"href":"https:\/\/atmalzemesi.com\/eskisite\/wp-json\/wp\/v2\/types\/product"}],"replies":[{"embeddable":true,"href":"https:\/\/atmalzemesi.com\/eskisite\/wp-json\/wp\/v2\/comments?post=10159"}],"version-history":[{"count":0,"href":"https:\/\/atmalzemesi.com\/eskisite\/wp-json\/wp\/v2\/product\/10159\/revisions"}],"wp:featuredmedia":[{"embeddable":true,"href":"https:\/\/atmalzemesi.com\/eskisite\/wp-json\/wp\/v2\/media\/10189"}],"wp:attachment":[{"href":"https:\/\/atmalzemesi.com\/eskisite\/wp-json\/wp\/v2\/media?parent=10159"}],"wp:term":[{"taxonomy":"product_cat","embeddable":true,"href":"https:\/\/atmalzemesi.com\/eskisite\/wp-json\/wp\/v2\/product_cat?post=10159"},{"taxonomy":"product_tag","embeddable":true,"href":"https:\/\/atmalzemesi.com\/eskisite\/wp-json\/wp\/v2\/product_tag?post=10159"}],"curies":[{"name":"wp","href":"https:\/\/api.w.org\/{rel}","templated":true}]}}