{"id":10160,"date":"2023-12-14T23:01:10","date_gmt":"2023-12-14T23:01:10","guid":{"rendered":"https:\/\/atmalzemesi.com\/eskisite\/?post_type=product&#038;p=10160"},"modified":"2024-06-04T10:10:47","modified_gmt":"2024-06-04T10:10:47","slug":"tirnak-dolgusu-glue-shufill-150-ml","status":"publish","type":"product","link":"https:\/\/atmalzemesi.com\/eskisite\/urun\/tirnak-dolgusu-glue-shufill-150-ml\/","title":{"rendered":"T\u0131rnak Dolgusu Glue Shufill 150 ML."},"content":{"rendered":"<p>Atlar i\u00e7in T\u0131rnak yap\u0131\u015ft\u0131rma\u00a0malzemesi.<\/p>\n<p>Atlar\u0131n \u00e7atlam\u0131\u015f veya k\u0131r\u0131lm\u0131\u015f t\u0131rnaklar i\u00e7in.<\/p>\n<p>Silikon tabancas\u0131 ve adapt\u00f6r ile kullan\u0131l\u0131r.<\/p>\n","protected":false},"excerpt":{"rendered":"<p>Atlar i\u00e7in T\u0131rnak yap\u0131\u015ft\u0131rma\u00a0malzemesi. Atlar\u0131n \u00e7atlam\u0131\u015f veya k\u0131r\u0131lm\u0131\u015f t\u0131rnaklar i\u00e7in. Silikon tabancas\u0131 ve adapt\u00f6r ile kullan\u0131l\u0131r.<\/p>\n","protected":false},"featured_media":10191,"comment_status":"open","ping_status":"closed","template":"","meta":{"_joinchat":[]},"product_cat":[332,334,336,335],"product_tag":[337,338],"class_list":{"0":"post-10160","1":"product","2":"type-product","3":"status-publish","4":"has-post-thumbnail","6":"product_cat-nal-ve-nalbant-malzemeleri","7":"product_cat-nalbant-malzemeleri","8":"product_cat-silikon-ve-yapistiricilar","9":"product_cat-urunler","10":"product_tag-tirnak-icin","11":"product_tag-yapistirici","13":"first","14":"outofstock","15":"shipping-taxable","16":"purchasable","17":"product-type-simple"},"_links":{"self":[{"href":"https:\/\/atmalzemesi.com\/eskisite\/wp-json\/wp\/v2\/product\/10160","targetHints":{"allow":["GET"]}}],"collection":[{"href":"https:\/\/atmalzemesi.com\/eskisite\/wp-json\/wp\/v2\/product"}],"about":[{"href":"https:\/\/atmalzemesi.com\/eskisite\/wp-json\/wp\/v2\/types\/product"}],"replies":[{"embeddable":true,"href":"https:\/\/atmalzemesi.com\/eskisite\/wp-json\/wp\/v2\/comments?post=10160"}],"version-history":[{"count":0,"href":"https:\/\/atmalzemesi.com\/eskisite\/wp-json\/wp\/v2\/product\/10160\/revisions"}],"wp:featuredmedia":[{"embeddable":true,"href":"https:\/\/atmalzemesi.com\/eskisite\/wp-json\/wp\/v2\/media\/10191"}],"wp:attachment":[{"href":"https:\/\/atmalzemesi.com\/eskisite\/wp-json\/wp\/v2\/media?parent=10160"}],"wp:term":[{"taxonomy":"product_cat","embeddable":true,"href":"https:\/\/atmalzemesi.com\/eskisite\/wp-json\/wp\/v2\/product_cat?post=10160"},{"taxonomy":"product_tag","embeddable":true,"href":"https:\/\/atmalzemesi.com\/eskisite\/wp-json\/wp\/v2\/product_tag?post=10160"}],"curies":[{"name":"wp","href":"https:\/\/api.w.org\/{rel}","templated":true}]}}