{"id":10161,"date":"2023-12-14T23:01:10","date_gmt":"2023-12-14T23:01:10","guid":{"rendered":"https:\/\/atmalzemesi.com\/eskisite\/?post_type=product&#038;p=10161"},"modified":"2024-12-19T10:15:20","modified_gmt":"2024-12-19T10:15:20","slug":"renet-cift-tarafli-bicak-loop-double-s","status":"publish","type":"product","link":"https:\/\/atmalzemesi.com\/eskisite\/urun\/renet-cift-tarafli-bicak-loop-double-s\/","title":{"rendered":"Renet \u00c7ift Tarafl\u0131 B\u0131\u00e7ak Loop Double S"},"content":{"rendered":"<p>Renet, \u00e7ift tarafl\u0131 b\u0131\u00e7ak Loop Double S<\/p>\n","protected":false},"excerpt":{"rendered":"<p>Renet, \u00e7ift tarafl\u0131 b\u0131\u00e7ak Loop Double S<\/p>\n","protected":false},"featured_media":10193,"comment_status":"open","ping_status":"closed","template":"","meta":{"_joinchat":[]},"product_cat":[332,334,339,335],"product_tag":[340],"class_list":{"0":"post-10161","1":"product","2":"type-product","3":"status-publish","4":"has-post-thumbnail","6":"product_cat-nal-ve-nalbant-malzemeleri","7":"product_cat-nalbant-malzemeleri","8":"product_cat-renet","9":"product_cat-urunler","10":"product_tag-renet","12":"first","13":"instock","14":"shipping-taxable","15":"purchasable","16":"product-type-simple"},"_links":{"self":[{"href":"https:\/\/atmalzemesi.com\/eskisite\/wp-json\/wp\/v2\/product\/10161","targetHints":{"allow":["GET"]}}],"collection":[{"href":"https:\/\/atmalzemesi.com\/eskisite\/wp-json\/wp\/v2\/product"}],"about":[{"href":"https:\/\/atmalzemesi.com\/eskisite\/wp-json\/wp\/v2\/types\/product"}],"replies":[{"embeddable":true,"href":"https:\/\/atmalzemesi.com\/eskisite\/wp-json\/wp\/v2\/comments?post=10161"}],"version-history":[{"count":0,"href":"https:\/\/atmalzemesi.com\/eskisite\/wp-json\/wp\/v2\/product\/10161\/revisions"}],"wp:featuredmedia":[{"embeddable":true,"href":"https:\/\/atmalzemesi.com\/eskisite\/wp-json\/wp\/v2\/media\/10193"}],"wp:attachment":[{"href":"https:\/\/atmalzemesi.com\/eskisite\/wp-json\/wp\/v2\/media?parent=10161"}],"wp:term":[{"taxonomy":"product_cat","embeddable":true,"href":"https:\/\/atmalzemesi.com\/eskisite\/wp-json\/wp\/v2\/product_cat?post=10161"},{"taxonomy":"product_tag","embeddable":true,"href":"https:\/\/atmalzemesi.com\/eskisite\/wp-json\/wp\/v2\/product_tag?post=10161"}],"curies":[{"name":"wp","href":"https:\/\/api.w.org\/{rel}","templated":true}]}}