{"id":10307,"date":"2023-12-14T23:02:50","date_gmt":"2023-12-14T23:02:50","guid":{"rendered":"https:\/\/atmalzemesi.com\/eskisite\/?post_type=product&#038;p=10307"},"modified":"2024-05-16T19:53:42","modified_gmt":"2024-05-16T19:53:42","slug":"cornucrescine-orijinal-tirnak-yagi-250-500-ml","status":"publish","type":"product","link":"https:\/\/atmalzemesi.com\/eskisite\/urun\/cornucrescine-orijinal-tirnak-yagi-250-500-ml\/","title":{"rendered":"Cornucrescine Orijinal T\u0131rnak Ya\u011f\u0131 250-500 ML."},"content":{"rendered":"<p>Carr &amp; Day &amp; Martin\u00ae Cornucrescine Orijinal T\u0131rnak Ya\u011f\u0131<\/p>\n<p>\u00dcr\u00fcn \u00d6zellikleri:<\/p>\n<p>E\u015fsiz form\u00fcl\u00fcyle sa\u011fl\u0131kl\u0131 t\u0131rnak b\u00fcy\u00fcmesini te\u015fvik eder ve h\u0131zland\u0131r\u0131r.<br \/>\nT\u0131rna\u011f\u0131n yeniden yap\u0131land\u0131r\u0131lmas\u0131na ve b\u00fcy\u00fcmesine yard\u0131mc\u0131 olur.<br \/>\nEsansiyel ya\u011flar i\u00e7erir.<br \/>\nEl ile ovarak uyguland\u0131\u011f\u0131nda keratin \u00fcreten h\u00fccreleri uyar\u0131r.<br \/>\nSonu\u00e7lar 4-6 hafta i\u00e7inde g\u00f6r\u00fcl\u00fcr.<\/p>\n<p>250-500 ml\u00a0 Se\u00e7enekleriyle.<\/p>\n","protected":false},"excerpt":{"rendered":"<p>Carr &amp; Day &amp; Martin\u00ae Cornucrescine Orijinal T\u0131rnak Ya\u011f\u0131 \u00dcr\u00fcn \u00d6zellikleri: E\u015fsiz form\u00fcl\u00fcyle sa\u011fl\u0131kl\u0131 t\u0131rnak b\u00fcy\u00fcmesini te\u015fvik eder ve h\u0131zland\u0131r\u0131r.<\/p>\n","protected":false},"featured_media":10328,"comment_status":"open","ping_status":"closed","template":"","meta":{"_joinchat":[]},"product_cat":[383,332,334,384,335],"product_tag":[385,386,387],"class_list":{"0":"post-10307","1":"product","2":"type-product","3":"status-publish","4":"has-post-thumbnail","6":"product_cat-at-sagligi","7":"product_cat-nal-ve-nalbant-malzemeleri","8":"product_cat-nalbant-malzemeleri","9":"product_cat-tirnak-bakimi","10":"product_cat-urunler","11":"product_tag-atbakimi","12":"product_tag-tirnak-yagi","13":"product_tag-toynakbakim","15":"first","16":"instock","17":"shipping-taxable","18":"purchasable","19":"product-type-variable"},"_links":{"self":[{"href":"https:\/\/atmalzemesi.com\/eskisite\/wp-json\/wp\/v2\/product\/10307","targetHints":{"allow":["GET"]}}],"collection":[{"href":"https:\/\/atmalzemesi.com\/eskisite\/wp-json\/wp\/v2\/product"}],"about":[{"href":"https:\/\/atmalzemesi.com\/eskisite\/wp-json\/wp\/v2\/types\/product"}],"replies":[{"embeddable":true,"href":"https:\/\/atmalzemesi.com\/eskisite\/wp-json\/wp\/v2\/comments?post=10307"}],"version-history":[{"count":0,"href":"https:\/\/atmalzemesi.com\/eskisite\/wp-json\/wp\/v2\/product\/10307\/revisions"}],"wp:featuredmedia":[{"embeddable":true,"href":"https:\/\/atmalzemesi.com\/eskisite\/wp-json\/wp\/v2\/media\/10328"}],"wp:attachment":[{"href":"https:\/\/atmalzemesi.com\/eskisite\/wp-json\/wp\/v2\/media?parent=10307"}],"wp:term":[{"taxonomy":"product_cat","embeddable":true,"href":"https:\/\/atmalzemesi.com\/eskisite\/wp-json\/wp\/v2\/product_cat?post=10307"},{"taxonomy":"product_tag","embeddable":true,"href":"https:\/\/atmalzemesi.com\/eskisite\/wp-json\/wp\/v2\/product_tag?post=10307"}],"curies":[{"name":"wp","href":"https:\/\/api.w.org\/{rel}","templated":true}]}}