{"id":10310,"date":"2023-12-14T23:02:50","date_gmt":"2023-12-14T23:02:50","guid":{"rendered":"https:\/\/atmalzemesi.com\/eskisite\/?post_type=product&#038;p=10310"},"modified":"2024-10-02T09:16:17","modified_gmt":"2024-10-02T09:16:17","slug":"carrs-leather-oil-deri-yagi-300-ml","status":"publish","type":"product","link":"https:\/\/atmalzemesi.com\/eskisite\/urun\/carrs-leather-oil-deri-yagi-300-ml\/","title":{"rendered":"Carrs Leather Oil &#8211; Deri Ya\u011f\u0131 (300 ML.)"},"content":{"rendered":"<p>Carrs &amp; Day &amp; Martin\u00ae CARRS LEATHER OIL Deri Ya\u011f\u0131 300 ML<\/p>\n<p>\u00dcr\u00fcn \u00d6zellikleri:<\/p>\n<p>Deri e\u015fyalar\u0131n\u0131 yumu\u015fak ve esnek olmas\u0131n\u0131 sa\u011flar. Yo\u011fun bir \u015fekilde deriyi besler ve nemlendirir.<br \/>\nA\u015f\u0131r\u0131 kuru, \u00e7atlak ve k\u0131r\u0131lgan deri \u00fcr\u00fcnler i\u00e7in Neatsfoot ya\u011f\u0131na kar\u015f\u0131 a\u011f\u0131r bir alternatif. \u00d6zel olarak form\u00fcle edilmi\u015f bu viskoz ya\u011f, deriyi yumu\u015fat\u0131r \u00a0ve suya kar\u015f\u0131 yal\u0131t\u0131m sa\u011flar. Sara\u00e7l\u0131k, ko\u015fum tak\u0131m\u0131 ve deri botlar i\u00e7in de kullan\u0131l\u0131r.<\/p>\n<p>Uygulama<\/p>\n<p>Yaln\u0131zca kuru ve k\u0131r\u0131lgan derilerde gerekti\u011fi gibi kullan\u0131n. Derinin temiz oldu\u011fundan emin olun, ard\u0131ndan derinin et taraf\u0131na ince bir tabaka uygulay\u0131n ve en az 24 saat boyunca \u0131slanmas\u0131na izin verin. Gerekirse, tah\u0131l taraf\u0131na da ince bir tabaka uygulay\u0131n. Deri hala kuru g\u00f6z\u00fck\u00fcyorsa tekrar ya\u011f uygulay\u0131n. Anilin veya i\u015flenmemi\u015f deri, s\u00fcet veya nubuk i\u00e7in uygun de\u011fildir.<\/p>\n<p>300 ml<\/p>\n","protected":false},"excerpt":{"rendered":"<p>Carrs &amp; Day &amp; Martin\u00ae CARRS LEATHER OIL Deri Ya\u011f\u0131 300 ML \u00dcr\u00fcn \u00d6zellikleri: Deri e\u015fyalar\u0131n\u0131 yumu\u015fak ve esnek olmas\u0131n\u0131<\/p>\n","protected":false},"featured_media":10331,"comment_status":"open","ping_status":"closed","template":"","meta":{"_joinchat":[]},"product_cat":[378,379,335],"product_tag":[388],"class_list":{"0":"post-10310","1":"product","2":"type-product","3":"status-publish","4":"has-post-thumbnail","6":"product_cat-ahir-ve-timar-malzemeleri","7":"product_cat-saraciyeler-deri-bakim","8":"product_cat-urunler","9":"product_tag-deri-yagi","11":"first","12":"instock","13":"shipping-taxable","14":"purchasable","15":"product-type-simple"},"_links":{"self":[{"href":"https:\/\/atmalzemesi.com\/eskisite\/wp-json\/wp\/v2\/product\/10310","targetHints":{"allow":["GET"]}}],"collection":[{"href":"https:\/\/atmalzemesi.com\/eskisite\/wp-json\/wp\/v2\/product"}],"about":[{"href":"https:\/\/atmalzemesi.com\/eskisite\/wp-json\/wp\/v2\/types\/product"}],"replies":[{"embeddable":true,"href":"https:\/\/atmalzemesi.com\/eskisite\/wp-json\/wp\/v2\/comments?post=10310"}],"version-history":[{"count":0,"href":"https:\/\/atmalzemesi.com\/eskisite\/wp-json\/wp\/v2\/product\/10310\/revisions"}],"wp:featuredmedia":[{"embeddable":true,"href":"https:\/\/atmalzemesi.com\/eskisite\/wp-json\/wp\/v2\/media\/10331"}],"wp:attachment":[{"href":"https:\/\/atmalzemesi.com\/eskisite\/wp-json\/wp\/v2\/media?parent=10310"}],"wp:term":[{"taxonomy":"product_cat","embeddable":true,"href":"https:\/\/atmalzemesi.com\/eskisite\/wp-json\/wp\/v2\/product_cat?post=10310"},{"taxonomy":"product_tag","embeddable":true,"href":"https:\/\/atmalzemesi.com\/eskisite\/wp-json\/wp\/v2\/product_tag?post=10310"}],"curies":[{"name":"wp","href":"https:\/\/api.w.org\/{rel}","templated":true}]}}