{"id":10311,"date":"2023-12-14T23:02:50","date_gmt":"2023-12-14T23:02:50","guid":{"rendered":"https:\/\/atmalzemesi.com\/eskisite\/?post_type=product&#038;p=10311"},"modified":"2024-10-02T09:15:06","modified_gmt":"2024-10-02T09:15:06","slug":"belvoir-leather-balsam-deri-yagi-500-ml","status":"publish","type":"product","link":"https:\/\/atmalzemesi.com\/eskisite\/urun\/belvoir-leather-balsam-deri-yagi-500-ml\/","title":{"rendered":"Belvoir Leather Balsam Deri Ya\u011f\u0131 (500 ML.)"},"content":{"rendered":"<p>PCarr &amp; Day &amp; Martin\u00ae BELVOIR LEATHER BALSAM INTENSIVE CONDITIONER DER\u0130 YA\u011eI 500 ML<\/p>\n<p>\u00dcr\u00fcn \u00d6zellikleri:<\/p>\n<p>Deriyi besler. Yeni, ince veya suya doymu\u015f deri i\u00e7in idealdir.<\/p>\n<p>Kuru veya \u00e7atlam\u0131\u015f deriyi yumu\u015fatman\u0131n yan\u0131 s\u0131ra, yeni veya ince deri i\u00e7in nihai beslenmeyi sa\u011flayan yo\u011fun bir kremdir. Yumu\u015fak Lanolin ve Balmumu form\u00fcl\u00fc deriyi en iyi durumda tutar ve parlakl\u0131k katar.<\/p>\n<p>Uygulama:<\/p>\n<p>Deriyi bir bez veya s\u00fcngerle temizlemek i\u00e7in az miktarda uygulay\u0131n ve ovalay\u0131n. Deriye n\u00fcfuz etmek i\u00e7in 10 dakika bekleyin ve daha sonra yumu\u015fak, kuru bir bezle parlamaya ba\u015flay\u0131n.<\/p>\n<p>500 ml<\/p>\n","protected":false},"excerpt":{"rendered":"<p>PCarr &amp; Day &amp; Martin\u00ae BELVOIR LEATHER BALSAM INTENSIVE CONDITIONER DER\u0130 YA\u011eI 500 ML \u00dcr\u00fcn \u00d6zellikleri: Deriyi besler. Yeni, ince<\/p>\n","protected":false},"featured_media":10332,"comment_status":"open","ping_status":"closed","template":"","meta":{"_joinchat":[]},"product_cat":[378,379,335],"product_tag":[388],"class_list":{"0":"post-10311","1":"product","2":"type-product","3":"status-publish","4":"has-post-thumbnail","6":"product_cat-ahir-ve-timar-malzemeleri","7":"product_cat-saraciyeler-deri-bakim","8":"product_cat-urunler","9":"product_tag-deri-yagi","11":"first","12":"instock","13":"shipping-taxable","14":"purchasable","15":"product-type-simple"},"_links":{"self":[{"href":"https:\/\/atmalzemesi.com\/eskisite\/wp-json\/wp\/v2\/product\/10311","targetHints":{"allow":["GET"]}}],"collection":[{"href":"https:\/\/atmalzemesi.com\/eskisite\/wp-json\/wp\/v2\/product"}],"about":[{"href":"https:\/\/atmalzemesi.com\/eskisite\/wp-json\/wp\/v2\/types\/product"}],"replies":[{"embeddable":true,"href":"https:\/\/atmalzemesi.com\/eskisite\/wp-json\/wp\/v2\/comments?post=10311"}],"version-history":[{"count":0,"href":"https:\/\/atmalzemesi.com\/eskisite\/wp-json\/wp\/v2\/product\/10311\/revisions"}],"wp:featuredmedia":[{"embeddable":true,"href":"https:\/\/atmalzemesi.com\/eskisite\/wp-json\/wp\/v2\/media\/10332"}],"wp:attachment":[{"href":"https:\/\/atmalzemesi.com\/eskisite\/wp-json\/wp\/v2\/media?parent=10311"}],"wp:term":[{"taxonomy":"product_cat","embeddable":true,"href":"https:\/\/atmalzemesi.com\/eskisite\/wp-json\/wp\/v2\/product_cat?post=10311"},{"taxonomy":"product_tag","embeddable":true,"href":"https:\/\/atmalzemesi.com\/eskisite\/wp-json\/wp\/v2\/product_tag?post=10311"}],"curies":[{"name":"wp","href":"https:\/\/api.w.org\/{rel}","templated":true}]}}