{"id":10313,"date":"2023-12-14T23:02:50","date_gmt":"2023-12-14T23:02:50","guid":{"rendered":"https:\/\/atmalzemesi.com\/eskisite\/?post_type=product&#038;p=10313"},"modified":"2023-12-14T23:03:10","modified_gmt":"2023-12-14T23:03:10","slug":"leovet-the-good-olde-leather-cream-eyer-yagi-200-ml","status":"publish","type":"product","link":"https:\/\/atmalzemesi.com\/eskisite\/urun\/leovet-the-good-olde-leather-cream-eyer-yagi-200-ml\/","title":{"rendered":"Leovet The Good Olde Leather Cream Eyer Ya\u011f\u0131 (200 ML.)"},"content":{"rendered":"<p>Leovet The Good Olde Leather Cream Eyer Ya\u011f\u0131 (200 ML.)<\/p>\n<p>\u00dcr\u00fcn \u00d6zellikleri:<\/p>\n<p>\u00d6zellikle kullan\u0131lm\u0131\u015f ve kurumu\u015f deri i\u00e7in yo\u011fun bak\u0131m sa\u011flar.<\/p>\n<p>Do\u011fal balmumu, ince ya\u011flar, lanolin ve karanuba balmumu ile deriyi besler,<br \/>\nkullan\u0131ld\u0131\u011f\u0131nda deri tamamen temizlenir, esnek ve yumu\u015fak kal\u0131r.<br \/>\nDerinin do\u011fal olu\u015funu ve yepyeni g\u00f6r\u00fcn\u00fcm\u00fcn\u00fc korur.<\/p>\n<p>200 ml<\/p>\n","protected":false},"excerpt":{"rendered":"<p>Leovet The Good Olde Leather Cream Eyer Ya\u011f\u0131 (200 ML.) \u00dcr\u00fcn \u00d6zellikleri: \u00d6zellikle kullan\u0131lm\u0131\u015f ve kurumu\u015f deri i\u00e7in yo\u011fun bak\u0131m<\/p>\n","protected":false},"featured_media":10334,"comment_status":"open","ping_status":"closed","template":"","meta":{"_joinchat":[]},"product_cat":[378,379,335],"product_tag":[388,390],"class_list":{"0":"post-10313","1":"product","2":"type-product","3":"status-publish","4":"has-post-thumbnail","6":"product_cat-ahir-ve-timar-malzemeleri","7":"product_cat-saraciyeler-deri-bakim","8":"product_cat-urunler","9":"product_tag-deri-yagi","10":"product_tag-eyer-yagi","12":"first","13":"outofstock","14":"shipping-taxable","15":"purchasable","16":"product-type-simple"},"_links":{"self":[{"href":"https:\/\/atmalzemesi.com\/eskisite\/wp-json\/wp\/v2\/product\/10313","targetHints":{"allow":["GET"]}}],"collection":[{"href":"https:\/\/atmalzemesi.com\/eskisite\/wp-json\/wp\/v2\/product"}],"about":[{"href":"https:\/\/atmalzemesi.com\/eskisite\/wp-json\/wp\/v2\/types\/product"}],"replies":[{"embeddable":true,"href":"https:\/\/atmalzemesi.com\/eskisite\/wp-json\/wp\/v2\/comments?post=10313"}],"version-history":[{"count":0,"href":"https:\/\/atmalzemesi.com\/eskisite\/wp-json\/wp\/v2\/product\/10313\/revisions"}],"wp:featuredmedia":[{"embeddable":true,"href":"https:\/\/atmalzemesi.com\/eskisite\/wp-json\/wp\/v2\/media\/10334"}],"wp:attachment":[{"href":"https:\/\/atmalzemesi.com\/eskisite\/wp-json\/wp\/v2\/media?parent=10313"}],"wp:term":[{"taxonomy":"product_cat","embeddable":true,"href":"https:\/\/atmalzemesi.com\/eskisite\/wp-json\/wp\/v2\/product_cat?post=10313"},{"taxonomy":"product_tag","embeddable":true,"href":"https:\/\/atmalzemesi.com\/eskisite\/wp-json\/wp\/v2\/product_tag?post=10313"}],"curies":[{"name":"wp","href":"https:\/\/api.w.org\/{rel}","templated":true}]}}