{"id":10335,"date":"2023-12-14T23:03:13","date_gmt":"2023-12-14T23:03:13","guid":{"rendered":"https:\/\/atmalzemesi.com\/eskisite\/?post_type=product&#038;p=10335"},"modified":"2024-11-15T07:42:28","modified_gmt":"2024-11-15T07:42:28","slug":"nal-civisi-liberty-kerckhaert","status":"publish","type":"product","link":"https:\/\/atmalzemesi.com\/eskisite\/urun\/nal-civisi-liberty-kerckhaert\/","title":{"rendered":"Nal \u00c7ivisi Liberty Kerckhaert"},"content":{"rendered":"<h2>A\u00e7\u0131klama<\/h2>\n<p>250\u2019L\u0130K KUTU<\/p>\n<p>&nbsp;<\/p>\n","protected":false},"excerpt":{"rendered":"<p>A\u00e7\u0131klama 250\u2019L\u0130K KUTU &nbsp;<\/p>\n","protected":false},"featured_media":10363,"comment_status":"open","ping_status":"closed","template":"","meta":{"_joinchat":[]},"product_cat":[347,332,334,335],"product_tag":[394,395,396,397],"class_list":{"0":"post-10335","1":"product","2":"type-product","3":"status-publish","4":"has-post-thumbnail","6":"product_cat-civi","7":"product_cat-nal-ve-nalbant-malzemeleri","8":"product_cat-nalbant-malzemeleri","9":"product_cat-urunler","10":"product_tag-at-nali-civisi","11":"product_tag-civi","12":"product_tag-liberty","13":"product_tag-mih-nal-civisi","15":"first","16":"outofstock","17":"shipping-taxable","18":"purchasable","19":"product-type-variable"},"_links":{"self":[{"href":"https:\/\/atmalzemesi.com\/eskisite\/wp-json\/wp\/v2\/product\/10335","targetHints":{"allow":["GET"]}}],"collection":[{"href":"https:\/\/atmalzemesi.com\/eskisite\/wp-json\/wp\/v2\/product"}],"about":[{"href":"https:\/\/atmalzemesi.com\/eskisite\/wp-json\/wp\/v2\/types\/product"}],"replies":[{"embeddable":true,"href":"https:\/\/atmalzemesi.com\/eskisite\/wp-json\/wp\/v2\/comments?post=10335"}],"version-history":[{"count":0,"href":"https:\/\/atmalzemesi.com\/eskisite\/wp-json\/wp\/v2\/product\/10335\/revisions"}],"wp:featuredmedia":[{"embeddable":true,"href":"https:\/\/atmalzemesi.com\/eskisite\/wp-json\/wp\/v2\/media\/10363"}],"wp:attachment":[{"href":"https:\/\/atmalzemesi.com\/eskisite\/wp-json\/wp\/v2\/media?parent=10335"}],"wp:term":[{"taxonomy":"product_cat","embeddable":true,"href":"https:\/\/atmalzemesi.com\/eskisite\/wp-json\/wp\/v2\/product_cat?post=10335"},{"taxonomy":"product_tag","embeddable":true,"href":"https:\/\/atmalzemesi.com\/eskisite\/wp-json\/wp\/v2\/product_tag?post=10335"}],"curies":[{"name":"wp","href":"https:\/\/api.w.org\/{rel}","templated":true}]}}