{"id":10412,"date":"2023-12-14T23:04:10","date_gmt":"2023-12-14T23:04:10","guid":{"rendered":"https:\/\/atmalzemesi.com\/eskisite\/?post_type=product&#038;p=10412"},"modified":"2025-03-19T00:25:12","modified_gmt":"2025-03-18T21:25:12","slug":"marstall-huf-regulator-3-5-kg","status":"publish","type":"product","link":"https:\/\/atmalzemesi.com\/eskisite\/urun\/marstall-huf-regulator-3-5-kg\/","title":{"rendered":"Marstall Huf Regulator (3.5 Kg.)"},"content":{"rendered":"<div>\n<p>Men\u015fei : Almanya<\/p>\n<p>Marka : <strong>Marstall- Huf regulator;<\/strong><\/p>\n<\/div>\n<div>\n<div class=\"product-detail\">\n<div class=\"item-tabs-sec\">\n<div class=\"tab-content\">\n<div id=\"pro-detil\" class=\"tab-pane fade in active\" role=\"tabpanel\">\n<div>\n<p><strong>Dietetik iyile\u015ftirici \u00f6zelli\u011fe sahiptir. T\u0131rnaklarda olu\u015fan delik, k\u0131r\u0131k, \u00e7atlak, par\u00e7alanma, hasarlarda ve sa\u011fl\u0131k sorunlar\u0131nda\u00a0 k\u0131sa zaman i\u00e7erisinde onar\u0131m sa\u011flar. Zay\u0131f ve yumu\u015fak t\u0131rnaklardaki geli\u015fimi destekler. T\u00fcm atlar\u0131n t\u0131rnaklar\u0131ndaki kronik sa\u011fl\u0131k sorunlar\u0131n\u0131 \u00f6nleyerek ve\u00a0 t\u0131rnaklar\u0131 g\u00fc\u00e7lendirerek genel bak\u0131m\u0131n\u0131 sa\u011flar. T\u0131rnak iltihab\u0131 ve egzaman\u0131n iyile\u015fmesine destek verir.<\/strong><\/p>\n<p>Almanya&#8217;da veteriner ve nalbantlar ile yap\u0131lan detayl\u0131 \u00e7al\u0131\u015fmalar sonucunda \u00fcretilen Marstall Huf Regulator; i\u00e7erdi\u011fi \u00e7inko ve bak\u0131r sayesinde t\u0131rnak alt derisindeki k\u0131lcal damarlardaki kan ak\u0131\u015f\u0131n\u0131 d\u00fczenler at\u0131n\u0131z\u0131n t\u0131rnak geli\u015fimini destekler!<\/p>\n<p><strong>Bu \u00fcr\u00fcnun\u00a0 3 cesit besleme sekli var<\/strong><\/p>\n<p><strong>1-)<\/strong>\u00a0K\u0131r\u0131k delik vek\u00f6t\u00fc tirnaklar icin \u00f6nerilen besleme sekli tedavi s\u00fcreci\u00a0 3-5 ay olup at a\u011f\u0131rl\u0131\u011f\u0131na\u00a0 g\u00f6re her 100 kiloya 30 gr (\u00f6rnekliycek olursak 400 kg bir ata 120 gr)<\/p>\n<p><strong>2-)<\/strong>\u00a0At\u0131n problemi t\u0131rnak iltihabi veya t\u0131rnak egzamas\u0131 \u00a0yada yumu\u015fak t\u0131rnak problemi varsa tedavi s\u00fcreci\u00a0 12 ayolup her 100 kg 15 gr (\u00f6rnekliyecek olursak 400 kg bir ata 60 gr)<\/p>\n<p><strong>3-)<\/strong>\u00a0Atta hic bir problem yok ve ilerleyen zamanda yukarda yazd\u0131\u011f\u0131m\u0131z sorunlardan biriyle kar\u015f\u0131la\u015fmamak i\u00e7in s\u00fcrekli kullanim i\u00e7in her 100 kg 8gr (\u00f6rnekliycek olursak 400 kg bir\u00a0 ata 32 gr)<\/p>\n<p>&nbsp;<\/p>\n<\/div>\n<div><\/div>\n<\/div>\n<\/div>\n<\/div>\n<\/div>\n<section class=\"padding-top-30 padding-bottom-0\">\n<div class=\"heading\"><\/div>\n<\/section>\n<\/div>\n","protected":false},"excerpt":{"rendered":"<p>Men\u015fei : Almanya Marka : Marstall- Huf regulator; Dietetik iyile\u015ftirici \u00f6zelli\u011fe sahiptir. T\u0131rnaklarda olu\u015fan delik, k\u0131r\u0131k, \u00e7atlak, par\u00e7alanma, hasarlarda ve<\/p>\n","protected":false},"featured_media":10462,"comment_status":"open","ping_status":"closed","template":"","meta":{"_joinchat":[]},"product_cat":[383,384,443,335],"product_tag":[436,444,445,446],"class_list":{"0":"post-10412","1":"product","2":"type-product","3":"status-publish","4":"has-post-thumbnail","6":"product_cat-at-sagligi","7":"product_cat-tirnak-bakimi","8":"product_cat-tirnak-tuy-kuyruk-yele-bakim","9":"product_cat-urunler","10":"product_tag-at-sagligi","11":"product_tag-tirnak","12":"product_tag-tuy","13":"product_tag-yele","15":"first","16":"instock","17":"shipping-taxable","18":"purchasable","19":"product-type-simple"},"_links":{"self":[{"href":"https:\/\/atmalzemesi.com\/eskisite\/wp-json\/wp\/v2\/product\/10412","targetHints":{"allow":["GET"]}}],"collection":[{"href":"https:\/\/atmalzemesi.com\/eskisite\/wp-json\/wp\/v2\/product"}],"about":[{"href":"https:\/\/atmalzemesi.com\/eskisite\/wp-json\/wp\/v2\/types\/product"}],"replies":[{"embeddable":true,"href":"https:\/\/atmalzemesi.com\/eskisite\/wp-json\/wp\/v2\/comments?post=10412"}],"version-history":[{"count":0,"href":"https:\/\/atmalzemesi.com\/eskisite\/wp-json\/wp\/v2\/product\/10412\/revisions"}],"wp:featuredmedia":[{"embeddable":true,"href":"https:\/\/atmalzemesi.com\/eskisite\/wp-json\/wp\/v2\/media\/10462"}],"wp:attachment":[{"href":"https:\/\/atmalzemesi.com\/eskisite\/wp-json\/wp\/v2\/media?parent=10412"}],"wp:term":[{"taxonomy":"product_cat","embeddable":true,"href":"https:\/\/atmalzemesi.com\/eskisite\/wp-json\/wp\/v2\/product_cat?post=10412"},{"taxonomy":"product_tag","embeddable":true,"href":"https:\/\/atmalzemesi.com\/eskisite\/wp-json\/wp\/v2\/product_tag?post=10412"}],"curies":[{"name":"wp","href":"https:\/\/api.w.org\/{rel}","templated":true}]}}