{"id":10413,"date":"2023-12-14T23:04:10","date_gmt":"2023-12-14T23:04:10","guid":{"rendered":"https:\/\/atmalzemesi.com\/eskisite\/?post_type=product&#038;p=10413"},"modified":"2024-12-25T11:04:09","modified_gmt":"2024-12-25T08:04:09","slug":"derby-biotin-2-5-kg","status":"publish","type":"product","link":"https:\/\/atmalzemesi.com\/eskisite\/urun\/derby-biotin-2-5-kg\/","title":{"rendered":"Derby Biotin (2.5 Kg.)"},"content":{"rendered":"<div>\n<blockquote>\n<ol>\n<li>Men\u015fei : Almanya<\/li>\n<\/ol>\n<\/blockquote>\n<p>Marka : <strong>DERBY<\/strong><\/p>\n<\/div>\n<div>\n<div class=\"product-detail\">\n<div class=\"item-tabs-sec\">\n<div class=\"tab-content\">\n<div id=\"pro-detil\" class=\"tab-pane fade in active\" role=\"tabpanel\">\n<div>\n<p><strong><span id=\"product_longdescription_15726\">DERBY Biotin;\u00a0<\/span><\/strong><\/p>\n<p><span id=\"product_longdescription_15726\">Cilt, yele ve t\u0131rnak problemleri olan atlar i\u00e7in ideal bir tamamlay\u0131c\u0131 yemdir.\u00a0<\/span><span id=\"product_longdescription_15726\">Biotin, \u00e7inko ve metiyonin gibi \u00f6nemli bile\u015fenler eksiklik semptomlar\u0131n\u0131 \u00f6nler ve at\u0131n\u0131z i\u00e7in parlak bir cilt sa\u011flar,T\u0131rnak yap\u0131s\u0131n\u0131 ve b\u00fcy\u00fcmesini destekler.<\/span><\/p>\n<p>&nbsp;<\/p>\n<p><strong><u>Katk\u0131 Maddeleri (kg.da):<\/u><\/strong><\/p>\n<p>D-Biotin\u00a0 \u00a0 \u00a0 \u00a0 \u00a0 \u00a0 \u00a0 \u00a0 \u00a0 \u00a0 \u00a0 \u00a0 \u00a0 \u00a0 \u00a0 \u00a0 \u00a0 \u00a0 \u00a0 \u00a0 \u00a0 \u00a0 \u00a0 \u00a0 \u00a0 \u00a0 \u00a0 \u00a02.000.000 mcg<\/p>\n<p>\u00c7inko (E 6) (\u00c7inko s\u00fclfat monohidrat)\u00a0 \u00a0 \u00a0 \u00a0 \u00a02.400 mg<\/p>\n<p>Methioin\u00a0 \u00a0 \u00a0 \u00a0 \u00a0 \u00a0 \u00a0 \u00a0 \u00a0 \u00a0 \u00a0 \u00a0 \u00a0 \u00a0 \u00a0 \u00a0 \u00a0 \u00a0 \u00a0 \u00a0 \u00a0 \u00a0 \u00a0 \u00a0 \u00a0 \u00a0 \u00a0 \u00a080.000 mg<\/p>\n<table border=\"0\" cellspacing=\"0\" cellpadding=\"0\">\n<tbody>\n<tr>\n<td>\u00a0 ATIN V\u00dcCUT<br \/>\nA\u011eIRLI\u011eI<\/td>\n<td>\u00a0G\u00dcNL\u00dcK VER\u0130LECEK<br \/>\nM\u0130KTAR<\/td>\n<\/tr>\n<tr>\n<td>200 Kg<\/td>\n<td>5 g<\/td>\n<\/tr>\n<tr>\n<td>400 Kg<\/td>\n<td>10 g<\/td>\n<\/tr>\n<tr>\n<td>600 KG<\/td>\n<td>15 g<\/td>\n<\/tr>\n<tr>\n<td><\/td>\n<td><\/td>\n<\/tr>\n<\/tbody>\n<\/table>\n<\/div>\n<div><\/div>\n<\/div>\n<\/div>\n<\/div>\n<\/div>\n<section class=\"padding-top-30 padding-bottom-0\">\n<div class=\"heading\"><\/div>\n<\/section>\n<\/div>\n","protected":false},"excerpt":{"rendered":"<p>Men\u015fei : Almanya Marka : DERBY DERBY Biotin;\u00a0 Cilt, yele ve t\u0131rnak problemleri olan atlar i\u00e7in ideal bir tamamlay\u0131c\u0131 yemdir.\u00a0Biotin,<\/p>\n","protected":false},"featured_media":10463,"comment_status":"open","ping_status":"closed","template":"","meta":{"_joinchat":[]},"product_cat":[383,384,443,335],"product_tag":[436,444,445,446],"class_list":{"0":"post-10413","1":"product","2":"type-product","3":"status-publish","4":"has-post-thumbnail","6":"product_cat-at-sagligi","7":"product_cat-tirnak-bakimi","8":"product_cat-tirnak-tuy-kuyruk-yele-bakim","9":"product_cat-urunler","10":"product_tag-at-sagligi","11":"product_tag-tirnak","12":"product_tag-tuy","13":"product_tag-yele","15":"first","16":"instock","17":"shipping-taxable","18":"purchasable","19":"product-type-simple"},"_links":{"self":[{"href":"https:\/\/atmalzemesi.com\/eskisite\/wp-json\/wp\/v2\/product\/10413","targetHints":{"allow":["GET"]}}],"collection":[{"href":"https:\/\/atmalzemesi.com\/eskisite\/wp-json\/wp\/v2\/product"}],"about":[{"href":"https:\/\/atmalzemesi.com\/eskisite\/wp-json\/wp\/v2\/types\/product"}],"replies":[{"embeddable":true,"href":"https:\/\/atmalzemesi.com\/eskisite\/wp-json\/wp\/v2\/comments?post=10413"}],"version-history":[{"count":0,"href":"https:\/\/atmalzemesi.com\/eskisite\/wp-json\/wp\/v2\/product\/10413\/revisions"}],"wp:featuredmedia":[{"embeddable":true,"href":"https:\/\/atmalzemesi.com\/eskisite\/wp-json\/wp\/v2\/media\/10463"}],"wp:attachment":[{"href":"https:\/\/atmalzemesi.com\/eskisite\/wp-json\/wp\/v2\/media?parent=10413"}],"wp:term":[{"taxonomy":"product_cat","embeddable":true,"href":"https:\/\/atmalzemesi.com\/eskisite\/wp-json\/wp\/v2\/product_cat?post=10413"},{"taxonomy":"product_tag","embeddable":true,"href":"https:\/\/atmalzemesi.com\/eskisite\/wp-json\/wp\/v2\/product_tag?post=10413"}],"curies":[{"name":"wp","href":"https:\/\/api.w.org\/{rel}","templated":true}]}}