{"id":10706,"date":"2023-12-14T23:08:01","date_gmt":"2023-12-14T23:08:01","guid":{"rendered":"https:\/\/atmalzemesi.com\/eskisite\/?post_type=product&#038;p=10706"},"modified":"2024-09-12T10:03:50","modified_gmt":"2024-09-12T10:03:50","slug":"aci-damak-pelham-gem","status":"publish","type":"product","link":"https:\/\/atmalzemesi.com\/eskisite\/urun\/aci-damak-pelham-gem\/","title":{"rendered":"Ac\u0131 Damak Pelham Gem"},"content":{"rendered":"<div id=\"Action_bar\">\n<div class=\"container\">\n<div class=\"column one\">\n<p>Ac\u0131 Damak Pelham Gem<\/p>\n<p>S\u0131k kullan\u0131lan bir gemdir. \u0130ki dizginle kullan\u0131m\u0131 \u00e7ok daha etkilidir. B\u00fcy\u00fck halkas\u0131na tak\u0131lan dizgin normal dil bask\u0131s\u0131n\u0131 sa\u011flar ve k\u0131rmal\u0131 bir gemin i\u015flevini g\u00f6r\u00fcr. Alt halkaya tak\u0131lan ikinci dizginde koldan ald\u0131\u011f\u0131 destek ile damakl\u0131 gem g\u00f6revi g\u00f6r\u00fcr. \u0130ki dizgin kullanmak istemeyen binicilerin tercihi pelham arakol sayesinde her iki halkaya ba\u011flant\u0131 yap\u0131l\u0131r. Tek dizgin pelham arakola ba\u011fland\u0131\u011f\u0131nda bu iki etki yine sa\u011flanabilir.Biraz fazladan y\u00f6nlendirmeye ihtiya\u00e7 duyan bir at\u0131n\u0131z varsa, bir Pelham gemi iyi bir se\u00e7enek olabilir.Pelham gemi, hem normal kantarma hem de damakl\u0131 gem\u00a0 \u00f6zelliklerine sahip bir t\u00fcr at gemidir. Gemin bir a\u011f\u0131zl\u0131\u011f\u0131 ve saplar\u0131 vard\u0131r. Bu saplar \u00e7ok fazla d\u00f6nmemesini sa\u011flarken at\u0131n soluk borusu \u00fczerinde\u00a0 bir suluk zinciri vard\u0131r. Ayr\u0131ca, a\u011f\u0131zl\u0131\u011f\u0131n her iki taraf\u0131nda bir normal kantarma ucu gibi bir halkaya sahiptir. Pelham gem k\u0131rmal\u0131 bir a\u011f\u0131zl\u0131\u011fa veya kat\u0131 bir a\u011f\u0131zl\u0131\u011fa (mullen) sahip olabilir. Pelham gemler, e\u011fitimli bir el taraf\u0131ndan veya profesyonel g\u00f6zetim alt\u0131nda kullan\u0131lmak \u00fczere tasarlanm\u0131\u015ft\u0131r. Pelham gemler, hem normal kantarma hem de damakl\u0131 gemin\u00a0 faydalar\u0131n\u0131 tek bir a\u011f\u0131zl\u0131kta birle\u015ftirir. Baz\u0131lar\u0131 bunun \u00e7ift dizgin kullanmaya benzer oldu\u011funu s\u00f6yl\u00fcyor, ancak bu %100 do\u011fru de\u011fil. \u00c7ift dizgin kullan\u0131rken, k\u0131rmal\u0131 etkisi ve damakl\u0131 etkisi birbirinden ba\u011f\u0131ms\u0131z olarak \u00e7al\u0131\u015farak at\u0131n\u0131zla y\u00fcksek d\u00fczeyde ileti\u015fim sa\u011flar.Bu gemin orta k\u0131sm\u0131 y\u00fcksek imal edildi\u011finden olduk\u00e7a sert ve a\u011f\u0131rd\u0131r. \u00c7ok sert olan atlarda kullan\u0131m\u0131 uygundur<\/p>\n<\/div>\n<\/div>\n<\/div>\n","protected":false},"excerpt":{"rendered":"<p>Ac\u0131 Damak Pelham Gem S\u0131k kullan\u0131lan bir gemdir. \u0130ki dizginle kullan\u0131m\u0131 \u00e7ok daha etkilidir. B\u00fcy\u00fck halkas\u0131na tak\u0131lan dizgin normal dil<\/p>\n","protected":false},"featured_media":10721,"comment_status":"open","ping_status":"closed","template":"","meta":{"_joinchat":[]},"product_cat":[374,573,335],"product_tag":[574,473,437,575],"class_list":{"0":"post-10706","1":"product","2":"type-product","3":"status-publish","4":"has-post-thumbnail","6":"product_cat-at-malzemeleri","7":"product_cat-kantarma-gem","8":"product_cat-urunler","9":"product_tag-aci-damak-pelham","10":"product_tag-ahirmalzemesi","11":"product_tag-atmalzemesi","12":"product_tag-pelhamkantarma","14":"first","15":"instock","16":"shipping-taxable","17":"purchasable","18":"product-type-variable"},"_links":{"self":[{"href":"https:\/\/atmalzemesi.com\/eskisite\/wp-json\/wp\/v2\/product\/10706","targetHints":{"allow":["GET"]}}],"collection":[{"href":"https:\/\/atmalzemesi.com\/eskisite\/wp-json\/wp\/v2\/product"}],"about":[{"href":"https:\/\/atmalzemesi.com\/eskisite\/wp-json\/wp\/v2\/types\/product"}],"replies":[{"embeddable":true,"href":"https:\/\/atmalzemesi.com\/eskisite\/wp-json\/wp\/v2\/comments?post=10706"}],"version-history":[{"count":0,"href":"https:\/\/atmalzemesi.com\/eskisite\/wp-json\/wp\/v2\/product\/10706\/revisions"}],"wp:featuredmedia":[{"embeddable":true,"href":"https:\/\/atmalzemesi.com\/eskisite\/wp-json\/wp\/v2\/media\/10721"}],"wp:attachment":[{"href":"https:\/\/atmalzemesi.com\/eskisite\/wp-json\/wp\/v2\/media?parent=10706"}],"wp:term":[{"taxonomy":"product_cat","embeddable":true,"href":"https:\/\/atmalzemesi.com\/eskisite\/wp-json\/wp\/v2\/product_cat?post=10706"},{"taxonomy":"product_tag","embeddable":true,"href":"https:\/\/atmalzemesi.com\/eskisite\/wp-json\/wp\/v2\/product_tag?post=10706"}],"curies":[{"name":"wp","href":"https:\/\/api.w.org\/{rel}","templated":true}]}}