{"id":10849,"date":"2023-12-14T23:10:12","date_gmt":"2023-12-14T23:10:12","guid":{"rendered":"https:\/\/atmalzemesi.com\/eskisite\/?post_type=product&#038;p=10849"},"modified":"2024-08-02T08:43:36","modified_gmt":"2024-08-02T08:43:36","slug":"ilacli-sampuan-gallop-500-ml","status":"publish","type":"product","link":"https:\/\/atmalzemesi.com\/eskisite\/urun\/ilacli-sampuan-gallop-500-ml\/","title":{"rendered":"\u0130la\u00e7l\u0131 \u015eampuan Gallop (500 ML.)"},"content":{"rendered":"<p>GALLOP MEDICATED SHAMPOO 500ML<\/p>\n<p>Gallop, \u0130la\u00e7l\u0131 \u015eampuan<br \/>\nDerinlemesine temizlik, ila\u00e7\u00a0eklenmi\u015f \u015fampuan.<\/p>\n<p>A\u00e7\u0131klama<br \/>\nGallop \u0130la\u00e7l\u0131 \u015eampuan, kuru, pul pul, ka\u015f\u0131nt\u0131l\u0131, pullanm\u0131\u015f ve hassas ciltler i\u00e7in ideal olan y\u00fcksek \u00f6zellikli bir form\u00fcld\u00fcr. Tahri\u015f olmu\u015f, a\u011fr\u0131l\u0131, hasarl\u0131 ve hassas cildi yat\u0131\u015ft\u0131r\u0131r. PH n\u00f6tr form\u00fcl, kabuklar\u0131n ve kepeklerin yumu\u015fat\u0131lmas\u0131na ve kald\u0131r\u0131lmas\u0131na yard\u0131mc\u0131 olan do\u011fal ya\u011flar i\u00e7erir. Ola\u011fan\u00fcst\u00fc bak\u0131m, g\u00f6zle g\u00f6r\u00fcl\u00fcr \u015fekilde daha yumu\u015fak sa\u00e7lar ve parlak bir t\u00fcy sa\u011flar.<\/p>\n<p>Uygulama<br \/>\nRutin kullan\u0131m i\u00e7in: Do\u011frudan \u0131slak bir kata uygulay\u0131n veya bir kova su i\u00e7inde 5-10 damla seyreltin. \u0130yi bir k\u00f6p\u00fck elde etmek i\u00e7in bir f\u0131r\u00e7a, s\u00fcnger veya elle iyice s\u00fcr\u00fcn, ard\u0131ndan iyice durulay\u0131n. \u015eampuan\u0131n at\u0131n cildini temizlemesi \u00a05 dakika temas halinde b\u0131rak\u0131n. Etkilenen b\u00f6lgelere dikkat ederek iyice durulay\u0131n.<\/p>\n<p>Boyut: 500ml, 10 y\u0131kamaya kadar dayan\u0131r.<\/p>\n<p>&nbsp;<\/p>\n","protected":false},"excerpt":{"rendered":"<p>GALLOP MEDICATED SHAMPOO 500ML Gallop, \u0130la\u00e7l\u0131 \u015eampuan Derinlemesine temizlik, ila\u00e7\u00a0eklenmi\u015f \u015fampuan. A\u00e7\u0131klama Gallop \u0130la\u00e7l\u0131 \u015eampuan, kuru, pul pul, ka\u015f\u0131nt\u0131l\u0131, pullanm\u0131\u015f<\/p>\n","protected":false},"featured_media":10878,"comment_status":"open","ping_status":"closed","template":"","meta":{"_joinchat":[]},"product_cat":[383,443,335],"product_tag":[629,630],"class_list":{"0":"post-10849","1":"product","2":"type-product","3":"status-publish","4":"has-post-thumbnail","6":"product_cat-at-sagligi","7":"product_cat-tirnak-tuy-kuyruk-yele-bakim","8":"product_cat-urunler","9":"product_tag-atlar-icin-sampuan","10":"product_tag-sampuan","12":"first","13":"outofstock","14":"shipping-taxable","15":"purchasable","16":"product-type-simple"},"_links":{"self":[{"href":"https:\/\/atmalzemesi.com\/eskisite\/wp-json\/wp\/v2\/product\/10849","targetHints":{"allow":["GET"]}}],"collection":[{"href":"https:\/\/atmalzemesi.com\/eskisite\/wp-json\/wp\/v2\/product"}],"about":[{"href":"https:\/\/atmalzemesi.com\/eskisite\/wp-json\/wp\/v2\/types\/product"}],"replies":[{"embeddable":true,"href":"https:\/\/atmalzemesi.com\/eskisite\/wp-json\/wp\/v2\/comments?post=10849"}],"version-history":[{"count":0,"href":"https:\/\/atmalzemesi.com\/eskisite\/wp-json\/wp\/v2\/product\/10849\/revisions"}],"wp:featuredmedia":[{"embeddable":true,"href":"https:\/\/atmalzemesi.com\/eskisite\/wp-json\/wp\/v2\/media\/10878"}],"wp:attachment":[{"href":"https:\/\/atmalzemesi.com\/eskisite\/wp-json\/wp\/v2\/media?parent=10849"}],"wp:term":[{"taxonomy":"product_cat","embeddable":true,"href":"https:\/\/atmalzemesi.com\/eskisite\/wp-json\/wp\/v2\/product_cat?post=10849"},{"taxonomy":"product_tag","embeddable":true,"href":"https:\/\/atmalzemesi.com\/eskisite\/wp-json\/wp\/v2\/product_tag?post=10849"}],"curies":[{"name":"wp","href":"https:\/\/api.w.org\/{rel}","templated":true}]}}