{"id":10850,"date":"2023-12-14T23:10:12","date_gmt":"2023-12-14T23:10:12","guid":{"rendered":"https:\/\/atmalzemesi.com\/eskisite\/?post_type=product&#038;p=10850"},"modified":"2024-01-25T09:04:40","modified_gmt":"2024-01-25T09:04:40","slug":"ekstra-renk-guclendirici-sampuan-gallop-500-ml","status":"publish","type":"product","link":"https:\/\/atmalzemesi.com\/eskisite\/urun\/ekstra-renk-guclendirici-sampuan-gallop-500-ml\/","title":{"rendered":"Ekstra Renk G\u00fc\u00e7lendirici \u015eampuan Gallop (500 ML.)"},"content":{"rendered":"<p>Gallop Ekstra G\u00fc\u00e7l\u00fc \u015eampuan<\/p>\n<p>Gallop Extra Strength Shampoo<\/p>\n<p>Kirli, ya\u011fl\u0131 veya a\u00e7\u0131k renkli kaplamalar i\u00e7in g\u00fc\u00e7l\u00fc temizlik<\/p>\n<p>A\u00e7\u0131klama<br \/>\nGallop Ekstra G\u00fc\u00e7l\u00fc \u015eampuan, \u00fcst\u00fcn temizlik i\u00e7in iki kat aktif bile\u015fen i\u00e7eren ekstra bir \u015fampuand\u0131r. Cildi temiz ve parlak b\u0131rakmak i\u00e7in ger\u00e7ekten kirli, ya\u011fl\u0131 veya a\u00e7\u0131k renkli atlar veya y\u0131l\u0131n ilk y\u0131kamas\u0131 i\u00e7in idealdir.<\/p>\n<p>Uygulama<br \/>\nSeyreltmeden \u0131slak kat uygulay\u0131n veya bir kova suya 5-6 kap dolusu ekleyin. Bir s\u00fcnger, f\u0131r\u00e7a veya elle cilde masaj yap\u0131n, ard\u0131ndan hemen sonu\u00e7 almak i\u00e7in iyice durulay\u0131n.<\/p>\n<p>Boyut: 500ml<\/p>\n<p>&nbsp;<\/p>\n","protected":false},"excerpt":{"rendered":"<p>Gallop Ekstra G\u00fc\u00e7l\u00fc \u015eampuan Gallop Extra Strength Shampoo Kirli, ya\u011fl\u0131 veya a\u00e7\u0131k renkli kaplamalar i\u00e7in g\u00fc\u00e7l\u00fc temizlik A\u00e7\u0131klama Gallop Ekstra<\/p>\n","protected":false},"featured_media":10879,"comment_status":"open","ping_status":"closed","template":"","meta":{"_joinchat":[]},"product_cat":[383,443,335],"product_tag":[629,630],"class_list":{"0":"post-10850","1":"product","2":"type-product","3":"status-publish","4":"has-post-thumbnail","6":"product_cat-at-sagligi","7":"product_cat-tirnak-tuy-kuyruk-yele-bakim","8":"product_cat-urunler","9":"product_tag-atlar-icin-sampuan","10":"product_tag-sampuan","12":"first","13":"instock","14":"shipping-taxable","15":"purchasable","16":"product-type-simple"},"_links":{"self":[{"href":"https:\/\/atmalzemesi.com\/eskisite\/wp-json\/wp\/v2\/product\/10850","targetHints":{"allow":["GET"]}}],"collection":[{"href":"https:\/\/atmalzemesi.com\/eskisite\/wp-json\/wp\/v2\/product"}],"about":[{"href":"https:\/\/atmalzemesi.com\/eskisite\/wp-json\/wp\/v2\/types\/product"}],"replies":[{"embeddable":true,"href":"https:\/\/atmalzemesi.com\/eskisite\/wp-json\/wp\/v2\/comments?post=10850"}],"version-history":[{"count":0,"href":"https:\/\/atmalzemesi.com\/eskisite\/wp-json\/wp\/v2\/product\/10850\/revisions"}],"wp:featuredmedia":[{"embeddable":true,"href":"https:\/\/atmalzemesi.com\/eskisite\/wp-json\/wp\/v2\/media\/10879"}],"wp:attachment":[{"href":"https:\/\/atmalzemesi.com\/eskisite\/wp-json\/wp\/v2\/media?parent=10850"}],"wp:term":[{"taxonomy":"product_cat","embeddable":true,"href":"https:\/\/atmalzemesi.com\/eskisite\/wp-json\/wp\/v2\/product_cat?post=10850"},{"taxonomy":"product_tag","embeddable":true,"href":"https:\/\/atmalzemesi.com\/eskisite\/wp-json\/wp\/v2\/product_tag?post=10850"}],"curies":[{"name":"wp","href":"https:\/\/api.w.org\/{rel}","templated":true}]}}