{"id":10852,"date":"2023-12-14T23:10:12","date_gmt":"2023-12-14T23:10:12","guid":{"rendered":"https:\/\/atmalzemesi.com\/eskisite\/?post_type=product&#038;p=10852"},"modified":"2024-04-22T21:54:55","modified_gmt":"2024-04-22T21:54:55","slug":"renk-guclendirici-sampuan-gallop-500-ml-2","status":"publish","type":"product","link":"https:\/\/atmalzemesi.com\/eskisite\/urun\/renk-guclendirici-sampuan-gallop-500-ml-2\/","title":{"rendered":"Renk G\u00fc\u00e7lendirici \u015eampuan Gallop (500 ML.)"},"content":{"rendered":"<p>Gallop Colour \u2013 Bay<\/p>\n<p>Doru renk atlar i\u00e7in.<\/p>\n<p>Gallop Renk \u0130yile\u015ftirici \u015eampuanlar<br \/>\nDo\u011fal rengini ve parlakl\u0131\u011f\u0131n\u0131 temizler ve yo\u011funla\u015ft\u0131r\u0131r.<\/p>\n<p>A\u00e7\u0131klama<br \/>\nGallop Renk \u0130yile\u015ftirici \u015eampuanlar, at\u0131n her rengi i\u00e7in mevcut olan benzersiz \u015fekilde form\u00fcle edilmi\u015f l\u00fcks \u015fampuanlard\u0131r. \u015eampuanlar rutin olarak kullan\u0131labilir ancak yar\u0131\u015f zamanlar\u0131nda kullan\u0131m i\u00e7in idealdir. Bu \u015fampuanlar, do\u011fal rengini bir g\u00f6steri standard\u0131na yo\u011funla\u015ft\u0131rmak i\u00e7in renk artt\u0131r\u0131c\u0131lar ve optik parlat\u0131c\u0131lar kullan\u0131r.<\/p>\n<p>Bay, Grey ve Chestnut &amp; Palomino atlar\u0131 i\u00e7in mevcuttur, ancak \u00e7arp\u0131c\u0131 sonu\u00e7lar elde etmek i\u00e7in at\u0131n do\u011fal k\u00fcrk rengiyle tam olarak e\u015fle\u015fmesi gerekli de\u011fildir.<\/p>\n<p>Uygulama<br \/>\nDo\u011frudan \u0131slak bir kat \u00fczerine uygulay\u0131n. Zengin bir k\u00f6p\u00fck elde etmek i\u00e7in bir f\u0131r\u00e7a veya s\u00fcngerle veya elle iyice \u00e7al\u0131\u015f\u0131n, ard\u0131ndan iyice durulay\u0131n. Sonu\u00e7lar an\u0131nda al\u0131n\u0131r. Yeleli ve kuyruklarda da kullan\u0131labilir.<\/p>\n<p>Boyut: 500 ml 10 y\u0131kama dayan\u0131r.<\/p>\n<p>&nbsp;<\/p>\n","protected":false},"excerpt":{"rendered":"<p>Gallop Colour \u2013 Bay Doru renk atlar i\u00e7in. Gallop Renk \u0130yile\u015ftirici \u015eampuanlar Do\u011fal rengini ve parlakl\u0131\u011f\u0131n\u0131 temizler ve yo\u011funla\u015ft\u0131r\u0131r. A\u00e7\u0131klama<\/p>\n","protected":false},"featured_media":10881,"comment_status":"open","ping_status":"closed","template":"","meta":{"_joinchat":[]},"product_cat":[378,383,335],"product_tag":[629,630],"class_list":{"0":"post-10852","1":"product","2":"type-product","3":"status-publish","4":"has-post-thumbnail","6":"product_cat-ahir-ve-timar-malzemeleri","7":"product_cat-at-sagligi","8":"product_cat-urunler","9":"product_tag-atlar-icin-sampuan","10":"product_tag-sampuan","12":"first","13":"outofstock","14":"shipping-taxable","15":"purchasable","16":"product-type-simple"},"_links":{"self":[{"href":"https:\/\/atmalzemesi.com\/eskisite\/wp-json\/wp\/v2\/product\/10852","targetHints":{"allow":["GET"]}}],"collection":[{"href":"https:\/\/atmalzemesi.com\/eskisite\/wp-json\/wp\/v2\/product"}],"about":[{"href":"https:\/\/atmalzemesi.com\/eskisite\/wp-json\/wp\/v2\/types\/product"}],"replies":[{"embeddable":true,"href":"https:\/\/atmalzemesi.com\/eskisite\/wp-json\/wp\/v2\/comments?post=10852"}],"version-history":[{"count":0,"href":"https:\/\/atmalzemesi.com\/eskisite\/wp-json\/wp\/v2\/product\/10852\/revisions"}],"wp:featuredmedia":[{"embeddable":true,"href":"https:\/\/atmalzemesi.com\/eskisite\/wp-json\/wp\/v2\/media\/10881"}],"wp:attachment":[{"href":"https:\/\/atmalzemesi.com\/eskisite\/wp-json\/wp\/v2\/media?parent=10852"}],"wp:term":[{"taxonomy":"product_cat","embeddable":true,"href":"https:\/\/atmalzemesi.com\/eskisite\/wp-json\/wp\/v2\/product_cat?post=10852"},{"taxonomy":"product_tag","embeddable":true,"href":"https:\/\/atmalzemesi.com\/eskisite\/wp-json\/wp\/v2\/product_tag?post=10852"}],"curies":[{"name":"wp","href":"https:\/\/api.w.org\/{rel}","templated":true}]}}