{"id":10856,"date":"2023-12-14T23:10:13","date_gmt":"2023-12-14T23:10:13","guid":{"rendered":"https:\/\/atmalzemesi.com\/eskisite\/?post_type=product&#038;p=10856"},"modified":"2024-11-19T11:04:05","modified_gmt":"2024-11-19T11:04:05","slug":"kuyruk-ve-yele-spreyi-1-litre","status":"publish","type":"product","link":"https:\/\/atmalzemesi.com\/eskisite\/urun\/kuyruk-ve-yele-spreyi-1-litre\/","title":{"rendered":"Kuyruk ve Yele Spreyi (1 Litre)"},"content":{"rendered":"<p>KUYRUK VE YELE SPREY\u0130<br \/>\nCanter Mane &amp; Tail Conditioner<br \/>\nYele ve kuyru\u011fu \u015f\u0131k, dola\u015fmayan ve d\u00fcz bir \u015fekilde yumu\u015fak tutar<\/p>\n<p>A\u00e7\u0131klama<br \/>\nCanter Mane ve Tail Conditioner, yeleyi ve kuyru\u011fu \u015f\u0131k, dola\u015fmayan ve l\u00fcks bir \u015fekilde yumu\u015fak tutma kabiliyetinde asla taviz vermez. D\u00fcnya \u00e7ap\u0131nda favori olan bu \u00fcr\u00fcn, uzun \u00f6m\u00fcrl\u00fc sa\u00e7 kremi, bak\u0131m\u0131 h\u0131zl\u0131 ve kolay hale getirir ve kusursuz, ya\u011fs\u0131z bir parlakl\u0131k b\u0131rak\u0131rken ayn\u0131 zamanda sa\u00e7 k\u0131r\u0131lmas\u0131n\u0131 azalt\u0131r.<\/p>\n<p>Uygulama<br \/>\nYelenin \u00fczerine p\u00fcsk\u00fcrt\u00fcn ve iyice f\u0131r\u00e7alay\u0131n veya taray\u0131n.<\/p>\n<p>Kuyruklar &#8211; Kuyru\u011fu attan uzak tutun, ard\u0131ndan sa\u00e7\u0131n baz\u0131 k\u0131s\u0131mlar\u0131n\u0131 sisli spreyin i\u00e7inden yava\u015f\u00e7a b\u0131rak\u0131n. Yumu\u015fak bir v\u00fccut f\u0131r\u00e7as\u0131 veya tarakla f\u0131r\u00e7alay\u0131n.<\/p>\n<p>En iyi sonu\u00e7lar i\u00e7in, \u00f6nce Gallop \u015eampuan\u0131 ile \u015fampuanlay\u0131n. Islak veya kuru sa\u00e7ta kullan\u0131labilir. Sonu\u00e7lar an\u0131nda al\u0131n\u0131r ve 2 haftaya kadar s\u00fcrer.<\/p>\n<p>Boyut: \u00a01 Litre<\/p>\n","protected":false},"excerpt":{"rendered":"<p>KUYRUK VE YELE SPREY\u0130 Canter Mane &amp; Tail Conditioner Yele ve kuyru\u011fu \u015f\u0131k, dola\u015fmayan ve d\u00fcz bir \u015fekilde yumu\u015fak tutar<\/p>\n","protected":false},"featured_media":10885,"comment_status":"open","ping_status":"closed","template":"","meta":{"_joinchat":[]},"product_cat":[383,443,335],"product_tag":[382],"class_list":{"0":"post-10856","1":"product","2":"type-product","3":"status-publish","4":"has-post-thumbnail","6":"product_cat-at-sagligi","7":"product_cat-tirnak-tuy-kuyruk-yele-bakim","8":"product_cat-urunler","9":"product_tag-kuyruk-ve-yele-spreyi","11":"first","12":"instock","13":"shipping-taxable","14":"purchasable","15":"product-type-simple"},"_links":{"self":[{"href":"https:\/\/atmalzemesi.com\/eskisite\/wp-json\/wp\/v2\/product\/10856","targetHints":{"allow":["GET"]}}],"collection":[{"href":"https:\/\/atmalzemesi.com\/eskisite\/wp-json\/wp\/v2\/product"}],"about":[{"href":"https:\/\/atmalzemesi.com\/eskisite\/wp-json\/wp\/v2\/types\/product"}],"replies":[{"embeddable":true,"href":"https:\/\/atmalzemesi.com\/eskisite\/wp-json\/wp\/v2\/comments?post=10856"}],"version-history":[{"count":0,"href":"https:\/\/atmalzemesi.com\/eskisite\/wp-json\/wp\/v2\/product\/10856\/revisions"}],"wp:featuredmedia":[{"embeddable":true,"href":"https:\/\/atmalzemesi.com\/eskisite\/wp-json\/wp\/v2\/media\/10885"}],"wp:attachment":[{"href":"https:\/\/atmalzemesi.com\/eskisite\/wp-json\/wp\/v2\/media?parent=10856"}],"wp:term":[{"taxonomy":"product_cat","embeddable":true,"href":"https:\/\/atmalzemesi.com\/eskisite\/wp-json\/wp\/v2\/product_cat?post=10856"},{"taxonomy":"product_tag","embeddable":true,"href":"https:\/\/atmalzemesi.com\/eskisite\/wp-json\/wp\/v2\/product_tag?post=10856"}],"curies":[{"name":"wp","href":"https:\/\/api.w.org\/{rel}","templated":true}]}}