{"id":10857,"date":"2023-12-14T23:10:13","date_gmt":"2023-12-14T23:10:13","guid":{"rendered":"https:\/\/atmalzemesi.com\/eskisite\/?post_type=product&#038;p=10857"},"modified":"2024-06-28T08:25:21","modified_gmt":"2024-06-28T08:25:21","slug":"leovet-frogmedic-sprey-200-ml","status":"publish","type":"product","link":"https:\/\/atmalzemesi.com\/eskisite\/urun\/leovet-frogmedic-sprey-200-ml\/","title":{"rendered":"Leovet Frogmedic Sprey (200 ML.)"},"content":{"rendered":"<p>LEOVET FROGMEDIC SERUM 200 ML<br \/>\nPamuk\u00e7uk bak\u0131m\u0131, derin ve kapsaml\u0131 penetrasyon i\u00e7in olduk\u00e7a konsantre.<\/p>\n<p>FrogMedic \u00f6zellikle akut vakalarda kullan\u0131lmak \u00fczere tasarlanm\u0131\u015ft\u0131r: derinlemesine n\u00fcfuz ederek oluklara ve k\u00fc\u00e7\u00fck \u00e7atlaklara yay\u0131l\u0131r ve b\u00f6ylece \u00e7\u00fcr\u00fcm\u00fc\u015f noktalara ula\u015f\u0131r. FrogMedic, uyu\u015fuklu\u011fu engeller ve bozulmay\u0131 durdurur. Kurba\u011fay\u0131 kurutur, b\u00f6ylece sa\u011fl\u0131kl\u0131 doku tekrar b\u00fcy\u00fcyebilir.<\/p>\n","protected":false},"excerpt":{"rendered":"<p>LEOVET FROGMEDIC SERUM 200 ML Pamuk\u00e7uk bak\u0131m\u0131, derin ve kapsaml\u0131 penetrasyon i\u00e7in olduk\u00e7a konsantre. FrogMedic \u00f6zellikle akut vakalarda kullan\u0131lmak \u00fczere<\/p>\n","protected":false},"featured_media":10886,"comment_status":"open","ping_status":"closed","template":"","meta":{"_joinchat":[]},"product_cat":[383,384,335],"product_tag":[436],"class_list":{"0":"post-10857","1":"product","2":"type-product","3":"status-publish","4":"has-post-thumbnail","6":"product_cat-at-sagligi","7":"product_cat-tirnak-bakimi","8":"product_cat-urunler","9":"product_tag-at-sagligi","11":"first","12":"instock","13":"shipping-taxable","14":"purchasable","15":"product-type-simple"},"_links":{"self":[{"href":"https:\/\/atmalzemesi.com\/eskisite\/wp-json\/wp\/v2\/product\/10857","targetHints":{"allow":["GET"]}}],"collection":[{"href":"https:\/\/atmalzemesi.com\/eskisite\/wp-json\/wp\/v2\/product"}],"about":[{"href":"https:\/\/atmalzemesi.com\/eskisite\/wp-json\/wp\/v2\/types\/product"}],"replies":[{"embeddable":true,"href":"https:\/\/atmalzemesi.com\/eskisite\/wp-json\/wp\/v2\/comments?post=10857"}],"version-history":[{"count":0,"href":"https:\/\/atmalzemesi.com\/eskisite\/wp-json\/wp\/v2\/product\/10857\/revisions"}],"wp:featuredmedia":[{"embeddable":true,"href":"https:\/\/atmalzemesi.com\/eskisite\/wp-json\/wp\/v2\/media\/10886"}],"wp:attachment":[{"href":"https:\/\/atmalzemesi.com\/eskisite\/wp-json\/wp\/v2\/media?parent=10857"}],"wp:term":[{"taxonomy":"product_cat","embeddable":true,"href":"https:\/\/atmalzemesi.com\/eskisite\/wp-json\/wp\/v2\/product_cat?post=10857"},{"taxonomy":"product_tag","embeddable":true,"href":"https:\/\/atmalzemesi.com\/eskisite\/wp-json\/wp\/v2\/product_tag?post=10857"}],"curies":[{"name":"wp","href":"https:\/\/api.w.org\/{rel}","templated":true}]}}