{"id":10858,"date":"2023-12-14T23:10:13","date_gmt":"2023-12-14T23:10:13","guid":{"rendered":"https:\/\/atmalzemesi.com\/eskisite\/?post_type=product&#038;p=10858"},"modified":"2024-11-19T12:08:58","modified_gmt":"2024-11-19T12:08:58","slug":"leovet-frog-ade-200-ml","status":"publish","type":"product","link":"https:\/\/atmalzemesi.com\/eskisite\/urun\/leovet-frog-ade-200-ml\/","title":{"rendered":"Leovet Frog Ade (200 ML.)"},"content":{"rendered":"<p>Leovet Frog Ade (200 ML.)<br \/>\nTaban ve maya i\u00e7in optimum pamuk\u00e7uk bak\u0131m\u0131.<\/p>\n<p>F\u0131r\u00e7alama paketi uygulamay\u0131 kolayla\u015ft\u0131r\u0131r ve taban ve mayaya iyi bir masaj sa\u011flar. \u00c7\u00fcr\u00fcm\u00fc\u015f boynuz \u00e7\u0131kar\u0131l\u0131r ve dola\u015f\u0131m uyar\u0131l\u0131r. Maya ve taban daha fazla \u00e7\u00fcr\u00fcmeye kar\u015f\u0131 korunur. FrogAde ayr\u0131ca \u00f6nleyici bir etkiye sahiptir.<\/p>\n","protected":false},"excerpt":{"rendered":"<p>Leovet Frog Ade (200 ML.) Taban ve maya i\u00e7in optimum pamuk\u00e7uk bak\u0131m\u0131. F\u0131r\u00e7alama paketi uygulamay\u0131 kolayla\u015ft\u0131r\u0131r ve taban ve mayaya<\/p>\n","protected":false},"featured_media":10887,"comment_status":"open","ping_status":"closed","template":"","meta":{"_joinchat":[]},"product_cat":[383,384,335],"product_tag":[436,634],"class_list":{"0":"post-10858","1":"product","2":"type-product","3":"status-publish","4":"has-post-thumbnail","6":"product_cat-at-sagligi","7":"product_cat-tirnak-bakimi","8":"product_cat-urunler","9":"product_tag-at-sagligi","10":"product_tag-pamaukcuk-bakimi","12":"first","13":"outofstock","14":"shipping-taxable","15":"purchasable","16":"product-type-simple"},"_links":{"self":[{"href":"https:\/\/atmalzemesi.com\/eskisite\/wp-json\/wp\/v2\/product\/10858","targetHints":{"allow":["GET"]}}],"collection":[{"href":"https:\/\/atmalzemesi.com\/eskisite\/wp-json\/wp\/v2\/product"}],"about":[{"href":"https:\/\/atmalzemesi.com\/eskisite\/wp-json\/wp\/v2\/types\/product"}],"replies":[{"embeddable":true,"href":"https:\/\/atmalzemesi.com\/eskisite\/wp-json\/wp\/v2\/comments?post=10858"}],"version-history":[{"count":0,"href":"https:\/\/atmalzemesi.com\/eskisite\/wp-json\/wp\/v2\/product\/10858\/revisions"}],"wp:featuredmedia":[{"embeddable":true,"href":"https:\/\/atmalzemesi.com\/eskisite\/wp-json\/wp\/v2\/media\/10887"}],"wp:attachment":[{"href":"https:\/\/atmalzemesi.com\/eskisite\/wp-json\/wp\/v2\/media?parent=10858"}],"wp:term":[{"taxonomy":"product_cat","embeddable":true,"href":"https:\/\/atmalzemesi.com\/eskisite\/wp-json\/wp\/v2\/product_cat?post=10858"},{"taxonomy":"product_tag","embeddable":true,"href":"https:\/\/atmalzemesi.com\/eskisite\/wp-json\/wp\/v2\/product_tag?post=10858"}],"curies":[{"name":"wp","href":"https:\/\/api.w.org\/{rel}","templated":true}]}}