{"id":10861,"date":"2023-12-14T23:10:14","date_gmt":"2023-12-14T23:10:14","guid":{"rendered":"https:\/\/atmalzemesi.com\/eskisite\/?post_type=product&#038;p=10861"},"modified":"2024-06-28T08:10:04","modified_gmt":"2024-06-28T08:10:04","slug":"leovet-anti-bite-550-ml-tahta-isirma-onleme","status":"publish","type":"product","link":"https:\/\/atmalzemesi.com\/eskisite\/urun\/leovet-anti-bite-550-ml-tahta-isirma-onleme\/","title":{"rendered":"Leovet Anti-Bite (550 ML.) Tahta Is\u0131rma \u00d6nleme"},"content":{"rendered":"<p>Leovet Anti-Bite (500 ML.) Tahta Is\u0131rma \u00d6nleme<\/p>\n<p>G\u00fcn\u00fcm\u00fcz\u00fcn ah\u015fap ve yeleli \u0131s\u0131rmas\u0131n\u0131 \u00f6nleme.<\/p>\n<p>Anti-\u0131s\u0131r\u0131k, sa\u011fl\u0131\u011fa tamamen zarars\u0131z olan etkili bile\u015feni BitrexTm ile ah\u015fab\u0131, metali, plastikleri, bandajlar\u0131 ve t\u00fcm aksesuarlar\u0131 korur. Yele ve kuyru\u011fun \u0131s\u0131r\u0131lmas\u0131na kar\u015f\u0131 korur.<\/p>\n","protected":false},"excerpt":{"rendered":"<p>Leovet Anti-Bite (500 ML.) Tahta Is\u0131rma \u00d6nleme G\u00fcn\u00fcm\u00fcz\u00fcn ah\u015fap ve yeleli \u0131s\u0131rmas\u0131n\u0131 \u00f6nleme. Anti-\u0131s\u0131r\u0131k, sa\u011fl\u0131\u011fa tamamen zarars\u0131z olan etkili bile\u015feni<\/p>\n","protected":false},"featured_media":10905,"comment_status":"open","ping_status":"closed","template":"","meta":{"_joinchat":[]},"product_cat":[383,335],"product_tag":[436,636],"class_list":{"0":"post-10861","1":"product","2":"type-product","3":"status-publish","4":"has-post-thumbnail","6":"product_cat-at-sagligi","7":"product_cat-urunler","8":"product_tag-at-sagligi","9":"product_tag-tahta-isirma","11":"first","12":"instock","13":"shipping-taxable","14":"purchasable","15":"product-type-simple"},"_links":{"self":[{"href":"https:\/\/atmalzemesi.com\/eskisite\/wp-json\/wp\/v2\/product\/10861","targetHints":{"allow":["GET"]}}],"collection":[{"href":"https:\/\/atmalzemesi.com\/eskisite\/wp-json\/wp\/v2\/product"}],"about":[{"href":"https:\/\/atmalzemesi.com\/eskisite\/wp-json\/wp\/v2\/types\/product"}],"replies":[{"embeddable":true,"href":"https:\/\/atmalzemesi.com\/eskisite\/wp-json\/wp\/v2\/comments?post=10861"}],"version-history":[{"count":0,"href":"https:\/\/atmalzemesi.com\/eskisite\/wp-json\/wp\/v2\/product\/10861\/revisions"}],"wp:featuredmedia":[{"embeddable":true,"href":"https:\/\/atmalzemesi.com\/eskisite\/wp-json\/wp\/v2\/media\/10905"}],"wp:attachment":[{"href":"https:\/\/atmalzemesi.com\/eskisite\/wp-json\/wp\/v2\/media?parent=10861"}],"wp:term":[{"taxonomy":"product_cat","embeddable":true,"href":"https:\/\/atmalzemesi.com\/eskisite\/wp-json\/wp\/v2\/product_cat?post=10861"},{"taxonomy":"product_tag","embeddable":true,"href":"https:\/\/atmalzemesi.com\/eskisite\/wp-json\/wp\/v2\/product_tag?post=10861"}],"curies":[{"name":"wp","href":"https:\/\/api.w.org\/{rel}","templated":true}]}}