{"id":10890,"date":"2023-12-14T23:10:40","date_gmt":"2023-12-14T23:10:40","guid":{"rendered":"https:\/\/atmalzemesi.com\/eskisite\/?post_type=product&#038;p=10890"},"modified":"2024-10-29T19:25:49","modified_gmt":"2024-10-29T19:25:49","slug":"el-martingali-pincho","status":"publish","type":"product","link":"https:\/\/atmalzemesi.com\/eskisite\/urun\/el-martingali-pincho\/","title":{"rendered":"El Martingal\u0131 (Pincho)"},"content":{"rendered":"<p>Pin\u00e7o El Martingal\u0131 (Siyah renk)<\/p>\n","protected":false},"excerpt":{"rendered":"<p>Pin\u00e7o El Martingal\u0131 (Siyah renk)<\/p>\n","protected":false},"featured_media":10928,"comment_status":"open","ping_status":"closed","template":"","meta":{"_joinchat":[]},"product_cat":[374,410,335],"product_tag":[648,649],"class_list":{"0":"post-10890","1":"product","2":"type-product","3":"status-publish","4":"has-post-thumbnail","6":"product_cat-at-malzemeleri","7":"product_cat-martingal","8":"product_cat-urunler","9":"product_tag-pinco","10":"product_tag-pinco-el-martingali","12":"first","13":"instock","14":"shipping-taxable","15":"purchasable","16":"product-type-simple"},"_links":{"self":[{"href":"https:\/\/atmalzemesi.com\/eskisite\/wp-json\/wp\/v2\/product\/10890","targetHints":{"allow":["GET"]}}],"collection":[{"href":"https:\/\/atmalzemesi.com\/eskisite\/wp-json\/wp\/v2\/product"}],"about":[{"href":"https:\/\/atmalzemesi.com\/eskisite\/wp-json\/wp\/v2\/types\/product"}],"replies":[{"embeddable":true,"href":"https:\/\/atmalzemesi.com\/eskisite\/wp-json\/wp\/v2\/comments?post=10890"}],"version-history":[{"count":0,"href":"https:\/\/atmalzemesi.com\/eskisite\/wp-json\/wp\/v2\/product\/10890\/revisions"}],"wp:featuredmedia":[{"embeddable":true,"href":"https:\/\/atmalzemesi.com\/eskisite\/wp-json\/wp\/v2\/media\/10928"}],"wp:attachment":[{"href":"https:\/\/atmalzemesi.com\/eskisite\/wp-json\/wp\/v2\/media?parent=10890"}],"wp:term":[{"taxonomy":"product_cat","embeddable":true,"href":"https:\/\/atmalzemesi.com\/eskisite\/wp-json\/wp\/v2\/product_cat?post=10890"},{"taxonomy":"product_tag","embeddable":true,"href":"https:\/\/atmalzemesi.com\/eskisite\/wp-json\/wp\/v2\/product_tag?post=10890"}],"curies":[{"name":"wp","href":"https:\/\/api.w.org\/{rel}","templated":true}]}}