{"id":10988,"date":"2023-12-14T23:11:45","date_gmt":"2023-12-14T23:11:45","guid":{"rendered":"https:\/\/atmalzemesi.com\/eskisite\/?post_type=product&#038;p=10988"},"modified":"2024-12-07T12:41:07","modified_gmt":"2024-12-07T12:41:07","slug":"lastik-gem","status":"publish","type":"product","link":"https:\/\/atmalzemesi.com\/eskisite\/urun\/lastik-gem\/","title":{"rendered":"Lastik Gem"},"content":{"rendered":"<p>Gev\u015fek halkal\u0131 esnek lastik kantarmalar, gen\u00e7 atlar\u0131 gemlemek i\u00e7in iyi bir par\u00e7ad\u0131r. \u00c7ok b\u00fck\u00fclebilir. \u00c7ubuklara, dudaklara ve dama\u011fa uygunlar, bir at\u0131n a\u011fz\u0131 a\u011fr\u0131yorsa ve metali biraz rahats\u0131z ediyorsa yararl\u0131 olabilirler. Gen\u00e7 atlar\u0131 a\u011f\u0131zlar\u0131nda bir par\u00e7a olmas\u0131yla tan\u0131\u015ft\u0131rmak i\u00e7in iyi, kal\u0131n, olduk\u00e7a esnek bir gemdir. Terbiye yar\u0131\u015fmalar\u0131nda kullan\u0131labilir<\/p>\n","protected":false},"excerpt":{"rendered":"<p>12,5<\/p>\n","protected":false},"featured_media":11026,"comment_status":"open","ping_status":"closed","template":"","meta":{"_joinchat":[]},"product_cat":[374,573],"product_tag":[576,437,580,678],"class_list":{"0":"post-10988","1":"product","2":"type-product","3":"status-publish","4":"has-post-thumbnail","6":"product_cat-at-malzemeleri","7":"product_cat-kantarma-gem","8":"product_tag-ahirmalzemelesi","9":"product_tag-atmalzemesi","10":"product_tag-gem","11":"product_tag-lastikgem","13":"first","14":"instock","15":"shipping-taxable","16":"purchasable","17":"product-type-simple"},"_links":{"self":[{"href":"https:\/\/atmalzemesi.com\/eskisite\/wp-json\/wp\/v2\/product\/10988","targetHints":{"allow":["GET"]}}],"collection":[{"href":"https:\/\/atmalzemesi.com\/eskisite\/wp-json\/wp\/v2\/product"}],"about":[{"href":"https:\/\/atmalzemesi.com\/eskisite\/wp-json\/wp\/v2\/types\/product"}],"replies":[{"embeddable":true,"href":"https:\/\/atmalzemesi.com\/eskisite\/wp-json\/wp\/v2\/comments?post=10988"}],"version-history":[{"count":0,"href":"https:\/\/atmalzemesi.com\/eskisite\/wp-json\/wp\/v2\/product\/10988\/revisions"}],"wp:featuredmedia":[{"embeddable":true,"href":"https:\/\/atmalzemesi.com\/eskisite\/wp-json\/wp\/v2\/media\/11026"}],"wp:attachment":[{"href":"https:\/\/atmalzemesi.com\/eskisite\/wp-json\/wp\/v2\/media?parent=10988"}],"wp:term":[{"taxonomy":"product_cat","embeddable":true,"href":"https:\/\/atmalzemesi.com\/eskisite\/wp-json\/wp\/v2\/product_cat?post=10988"},{"taxonomy":"product_tag","embeddable":true,"href":"https:\/\/atmalzemesi.com\/eskisite\/wp-json\/wp\/v2\/product_tag?post=10988"}],"curies":[{"name":"wp","href":"https:\/\/api.w.org\/{rel}","templated":true}]}}