{"id":10990,"date":"2023-12-14T23:11:45","date_gmt":"2023-12-14T23:11:45","guid":{"rendered":"https:\/\/atmalzemesi.com\/eskisite\/?post_type=product&#038;p=10990"},"modified":"2024-03-29T06:54:28","modified_gmt":"2024-03-29T06:54:28","slug":"uc-parca-ortasi-bakir-pessua-gem","status":"publish","type":"product","link":"https:\/\/atmalzemesi.com\/eskisite\/urun\/uc-parca-ortasi-bakir-pessua-gem\/","title":{"rendered":"\u00dc\u00e7 Par\u00e7a Ortas\u0131 Bak\u0131r Pessua Gem"},"content":{"rendered":"<p>\u00dc\u00e7 Par\u00e7a Ortas\u0131 Bak\u0131r Pessua Gem<\/p>\n","protected":false},"excerpt":{"rendered":"<p>\u00dc\u00e7 Par\u00e7a Ortas\u0131 Bak\u0131r Pessua Gem<\/p>\n","protected":false},"featured_media":11028,"comment_status":"open","ping_status":"closed","template":"","meta":{"_joinchat":[]},"product_cat":[374,573],"product_tag":[437,680,580,681],"class_list":{"0":"post-10990","1":"product","2":"type-product","3":"status-publish","4":"has-post-thumbnail","6":"product_cat-at-malzemeleri","7":"product_cat-kantarma-gem","8":"product_tag-atmalzemesi","9":"product_tag-bakirgem","10":"product_tag-gem","11":"product_tag-ucparcabakirgem","13":"first","14":"instock","15":"shipping-taxable","16":"purchasable","17":"product-type-variable"},"_links":{"self":[{"href":"https:\/\/atmalzemesi.com\/eskisite\/wp-json\/wp\/v2\/product\/10990","targetHints":{"allow":["GET"]}}],"collection":[{"href":"https:\/\/atmalzemesi.com\/eskisite\/wp-json\/wp\/v2\/product"}],"about":[{"href":"https:\/\/atmalzemesi.com\/eskisite\/wp-json\/wp\/v2\/types\/product"}],"replies":[{"embeddable":true,"href":"https:\/\/atmalzemesi.com\/eskisite\/wp-json\/wp\/v2\/comments?post=10990"}],"version-history":[{"count":0,"href":"https:\/\/atmalzemesi.com\/eskisite\/wp-json\/wp\/v2\/product\/10990\/revisions"}],"wp:featuredmedia":[{"embeddable":true,"href":"https:\/\/atmalzemesi.com\/eskisite\/wp-json\/wp\/v2\/media\/11028"}],"wp:attachment":[{"href":"https:\/\/atmalzemesi.com\/eskisite\/wp-json\/wp\/v2\/media?parent=10990"}],"wp:term":[{"taxonomy":"product_cat","embeddable":true,"href":"https:\/\/atmalzemesi.com\/eskisite\/wp-json\/wp\/v2\/product_cat?post=10990"},{"taxonomy":"product_tag","embeddable":true,"href":"https:\/\/atmalzemesi.com\/eskisite\/wp-json\/wp\/v2\/product_tag?post=10990"}],"curies":[{"name":"wp","href":"https:\/\/api.w.org\/{rel}","templated":true}]}}