{"id":11014,"date":"2023-12-14T23:12:11","date_gmt":"2023-12-14T23:12:11","guid":{"rendered":"https:\/\/atmalzemesi.com\/eskisite\/?post_type=product&#038;p=11014"},"modified":"2025-12-25T12:09:36","modified_gmt":"2025-12-25T09:09:36","slug":"eyer-alti-kurk-pelus","status":"publish","type":"product","link":"https:\/\/atmalzemesi.com\/eskisite\/urun\/eyer-alti-kurk-pelus\/","title":{"rendered":"Eyer Alt\u0131 K\u00fcrk Pelu\u015f"},"content":{"rendered":"<p>K\u00fcrk Eyer alt\u0131 Siyah Renk<\/p>\n","protected":false},"excerpt":{"rendered":"<p>K\u00fcrk Eyer alt\u0131 Siyah Renk<\/p>\n","protected":false},"featured_media":11052,"comment_status":"open","ping_status":"closed","template":"","meta":{"_joinchat":[]},"product_cat":[374,508,335],"product_tag":[473,437,516,688,515],"class_list":{"0":"post-11014","1":"product","2":"type-product","3":"status-publish","4":"has-post-thumbnail","6":"product_cat-at-malzemeleri","7":"product_cat-eyer-alti","8":"product_cat-urunler","9":"product_tag-ahirmalzemesi","10":"product_tag-atmalzemesi","11":"product_tag-eyeralti","12":"product_tag-kurkeyeralti","13":"product_tag-pelusped","15":"first","16":"instock","17":"shipping-taxable","18":"purchasable","19":"product-type-simple"},"_links":{"self":[{"href":"https:\/\/atmalzemesi.com\/eskisite\/wp-json\/wp\/v2\/product\/11014","targetHints":{"allow":["GET"]}}],"collection":[{"href":"https:\/\/atmalzemesi.com\/eskisite\/wp-json\/wp\/v2\/product"}],"about":[{"href":"https:\/\/atmalzemesi.com\/eskisite\/wp-json\/wp\/v2\/types\/product"}],"replies":[{"embeddable":true,"href":"https:\/\/atmalzemesi.com\/eskisite\/wp-json\/wp\/v2\/comments?post=11014"}],"version-history":[{"count":0,"href":"https:\/\/atmalzemesi.com\/eskisite\/wp-json\/wp\/v2\/product\/11014\/revisions"}],"wp:featuredmedia":[{"embeddable":true,"href":"https:\/\/atmalzemesi.com\/eskisite\/wp-json\/wp\/v2\/media\/11052"}],"wp:attachment":[{"href":"https:\/\/atmalzemesi.com\/eskisite\/wp-json\/wp\/v2\/media?parent=11014"}],"wp:term":[{"taxonomy":"product_cat","embeddable":true,"href":"https:\/\/atmalzemesi.com\/eskisite\/wp-json\/wp\/v2\/product_cat?post=11014"},{"taxonomy":"product_tag","embeddable":true,"href":"https:\/\/atmalzemesi.com\/eskisite\/wp-json\/wp\/v2\/product_tag?post=11014"}],"curies":[{"name":"wp","href":"https:\/\/api.w.org\/{rel}","templated":true}]}}