{"id":11019,"date":"2023-12-14T23:12:11","date_gmt":"2023-12-14T23:12:11","guid":{"rendered":"https:\/\/atmalzemesi.com\/eskisite\/?post_type=product&#038;p=11019"},"modified":"2023-12-14T23:12:48","modified_gmt":"2023-12-14T23:12:48","slug":"uzengi-tavuskusu","status":"publish","type":"product","link":"https:\/\/atmalzemesi.com\/eskisite\/urun\/uzengi-tavuskusu\/","title":{"rendered":"\u00dczengi Tavusku\u015fu"},"content":{"rendered":"<p>\u00dczengi Tavusku\u015fu<\/p>\n","protected":false},"excerpt":{"rendered":"<p>\u00dczengi Tavusku\u015fu<\/p>\n","protected":false},"featured_media":11058,"comment_status":"open","ping_status":"closed","template":"","meta":{"_joinchat":[]},"product_cat":[374,335,552],"product_tag":[473,437,691,682],"class_list":{"0":"post-11019","1":"product","2":"type-product","3":"status-publish","4":"has-post-thumbnail","6":"product_cat-at-malzemeleri","7":"product_cat-urunler","8":"product_cat-uzengi-uzengi-kayisi","9":"product_tag-ahirmalzemesi","10":"product_tag-atmalzemesi","11":"product_tag-tavuskusu","12":"product_tag-uzengi","14":"first","15":"outofstock","16":"shipping-taxable","17":"purchasable","18":"product-type-simple"},"_links":{"self":[{"href":"https:\/\/atmalzemesi.com\/eskisite\/wp-json\/wp\/v2\/product\/11019","targetHints":{"allow":["GET"]}}],"collection":[{"href":"https:\/\/atmalzemesi.com\/eskisite\/wp-json\/wp\/v2\/product"}],"about":[{"href":"https:\/\/atmalzemesi.com\/eskisite\/wp-json\/wp\/v2\/types\/product"}],"replies":[{"embeddable":true,"href":"https:\/\/atmalzemesi.com\/eskisite\/wp-json\/wp\/v2\/comments?post=11019"}],"version-history":[{"count":0,"href":"https:\/\/atmalzemesi.com\/eskisite\/wp-json\/wp\/v2\/product\/11019\/revisions"}],"wp:featuredmedia":[{"embeddable":true,"href":"https:\/\/atmalzemesi.com\/eskisite\/wp-json\/wp\/v2\/media\/11058"}],"wp:attachment":[{"href":"https:\/\/atmalzemesi.com\/eskisite\/wp-json\/wp\/v2\/media?parent=11019"}],"wp:term":[{"taxonomy":"product_cat","embeddable":true,"href":"https:\/\/atmalzemesi.com\/eskisite\/wp-json\/wp\/v2\/product_cat?post=11019"},{"taxonomy":"product_tag","embeddable":true,"href":"https:\/\/atmalzemesi.com\/eskisite\/wp-json\/wp\/v2\/product_tag?post=11019"}],"curies":[{"name":"wp","href":"https:\/\/api.w.org\/{rel}","templated":true}]}}