{"id":11044,"date":"2023-12-14T23:12:36","date_gmt":"2023-12-14T23:12:36","guid":{"rendered":"https:\/\/atmalzemesi.com\/eskisite\/?post_type=product&#038;p=11044"},"modified":"2024-04-15T12:17:33","modified_gmt":"2024-04-15T12:17:33","slug":"krampon-vida-25cm","status":"publish","type":"product","link":"https:\/\/atmalzemesi.com\/eskisite\/urun\/krampon-vida-25cm\/","title":{"rendered":"Krampon Vida (2,5cm)"},"content":{"rendered":"<p>Krampon Vida (2,5 CM)<\/p>\n<p>Yiv (Burgulu k\u0131s\u0131m hari\u00e7) Y\u00fckseklik:18mm<\/p>\n<p>En:\u00a0 12mm<\/p>\n<p>Tane olarak sat\u0131lmaktad\u0131r.<\/p>\n","protected":false},"excerpt":{"rendered":"<p>Krampon Vida (2,5 CM) Yiv (Burgulu k\u0131s\u0131m hari\u00e7) Y\u00fckseklik:18mm En:\u00a0 12mm Tane olarak sat\u0131lmaktad\u0131r.<\/p>\n","protected":false},"featured_media":11088,"comment_status":"open","ping_status":"closed","template":"","meta":{"_joinchat":[]},"product_cat":[332,334,335],"product_tag":[696,345],"class_list":{"0":"post-11044","1":"product","2":"type-product","3":"status-publish","4":"has-post-thumbnail","6":"product_cat-nal-ve-nalbant-malzemeleri","7":"product_cat-nalbant-malzemeleri","8":"product_cat-urunler","9":"product_tag-krampon-vida","10":"product_tag-pim","12":"first","13":"instock","14":"shipping-taxable","15":"purchasable","16":"product-type-simple"},"_links":{"self":[{"href":"https:\/\/atmalzemesi.com\/eskisite\/wp-json\/wp\/v2\/product\/11044","targetHints":{"allow":["GET"]}}],"collection":[{"href":"https:\/\/atmalzemesi.com\/eskisite\/wp-json\/wp\/v2\/product"}],"about":[{"href":"https:\/\/atmalzemesi.com\/eskisite\/wp-json\/wp\/v2\/types\/product"}],"replies":[{"embeddable":true,"href":"https:\/\/atmalzemesi.com\/eskisite\/wp-json\/wp\/v2\/comments?post=11044"}],"version-history":[{"count":0,"href":"https:\/\/atmalzemesi.com\/eskisite\/wp-json\/wp\/v2\/product\/11044\/revisions"}],"wp:featuredmedia":[{"embeddable":true,"href":"https:\/\/atmalzemesi.com\/eskisite\/wp-json\/wp\/v2\/media\/11088"}],"wp:attachment":[{"href":"https:\/\/atmalzemesi.com\/eskisite\/wp-json\/wp\/v2\/media?parent=11044"}],"wp:term":[{"taxonomy":"product_cat","embeddable":true,"href":"https:\/\/atmalzemesi.com\/eskisite\/wp-json\/wp\/v2\/product_cat?post=11044"},{"taxonomy":"product_tag","embeddable":true,"href":"https:\/\/atmalzemesi.com\/eskisite\/wp-json\/wp\/v2\/product_tag?post=11044"}],"curies":[{"name":"wp","href":"https:\/\/api.w.org\/{rel}","templated":true}]}}