{"id":11253,"date":"2023-12-14T23:15:46","date_gmt":"2023-12-14T23:15:46","guid":{"rendered":"https:\/\/atmalzemesi.com\/eskisite\/?post_type=product&#038;p=11253"},"modified":"2024-02-03T11:13:33","modified_gmt":"2024-02-03T11:13:33","slug":"metal-kesme-tasi-karbosan","status":"publish","type":"product","link":"https:\/\/atmalzemesi.com\/eskisite\/urun\/metal-kesme-tasi-karbosan\/","title":{"rendered":"Metal Kesme Ta\u015f\u0131 (Karbosan)"},"content":{"rendered":"<p>METAL KESME TA\u015eI (KARBOSAN) 115X3<\/p>\n","protected":false},"excerpt":{"rendered":"<p>METAL KESME TA\u015eI (KARBOSAN) 115X3<\/p>\n","protected":false},"featured_media":11300,"comment_status":"open","ping_status":"closed","template":"","meta":{"_joinchat":[]},"product_cat":[332,334,335],"product_tag":[751],"class_list":{"0":"post-11253","1":"product","2":"type-product","3":"status-publish","4":"has-post-thumbnail","6":"product_cat-nal-ve-nalbant-malzemeleri","7":"product_cat-nalbant-malzemeleri","8":"product_cat-urunler","9":"product_tag-metal-kesme-tasi","11":"first","12":"instock","13":"shipping-taxable","14":"purchasable","15":"product-type-simple"},"_links":{"self":[{"href":"https:\/\/atmalzemesi.com\/eskisite\/wp-json\/wp\/v2\/product\/11253","targetHints":{"allow":["GET"]}}],"collection":[{"href":"https:\/\/atmalzemesi.com\/eskisite\/wp-json\/wp\/v2\/product"}],"about":[{"href":"https:\/\/atmalzemesi.com\/eskisite\/wp-json\/wp\/v2\/types\/product"}],"replies":[{"embeddable":true,"href":"https:\/\/atmalzemesi.com\/eskisite\/wp-json\/wp\/v2\/comments?post=11253"}],"version-history":[{"count":0,"href":"https:\/\/atmalzemesi.com\/eskisite\/wp-json\/wp\/v2\/product\/11253\/revisions"}],"wp:featuredmedia":[{"embeddable":true,"href":"https:\/\/atmalzemesi.com\/eskisite\/wp-json\/wp\/v2\/media\/11300"}],"wp:attachment":[{"href":"https:\/\/atmalzemesi.com\/eskisite\/wp-json\/wp\/v2\/media?parent=11253"}],"wp:term":[{"taxonomy":"product_cat","embeddable":true,"href":"https:\/\/atmalzemesi.com\/eskisite\/wp-json\/wp\/v2\/product_cat?post=11253"},{"taxonomy":"product_tag","embeddable":true,"href":"https:\/\/atmalzemesi.com\/eskisite\/wp-json\/wp\/v2\/product_tag?post=11253"}],"curies":[{"name":"wp","href":"https:\/\/api.w.org\/{rel}","templated":true}]}}