{"id":11332,"date":"2023-12-14T23:16:44","date_gmt":"2023-12-14T23:16:44","guid":{"rendered":"https:\/\/atmalzemesi.com\/eskisite\/?post_type=product&#038;p=11332"},"modified":"2024-12-11T18:30:20","modified_gmt":"2024-12-11T18:30:20","slug":"kislik-blanket","status":"publish","type":"product","link":"https:\/\/atmalzemesi.com\/eskisite\/urun\/kislik-blanket\/","title":{"rendered":"K\u0131\u015fl\u0131k Blanket"},"content":{"rendered":"<p>\u0130\u00e7i Battaniyeli astarl\u0131 gabardin kuma\u015f<\/p>\n<p>(135 CM, Arap, pony ve rahvan atlara uygundur. ) (145 CM \u0130ngiliz) ( 155 CM Avrupa) atlar i\u00e7in uygundur.<\/p>\n<p>&nbsp;<\/p>\n","protected":false},"excerpt":{"rendered":"<p>\u0130\u00e7i Battaniyeli astarl\u0131 gabardin kuma\u015f (135 CM, Arap, pony ve rahvan atlara uygundur. ) (145 CM \u0130ngiliz) ( 155 CM<\/p>\n","protected":false},"featured_media":11344,"comment_status":"open","ping_status":"closed","template":"","meta":{"_joinchat":[]},"product_cat":[374,546,335],"product_tag":[758,759],"class_list":{"0":"post-11332","1":"product","2":"type-product","3":"status-publish","4":"has-post-thumbnail","6":"product_cat-at-malzemeleri","7":"product_cat-blanket","8":"product_cat-urunler","9":"product_tag-blanket","10":"product_tag-kislik-blanket","12":"first","13":"instock","14":"shipping-taxable","15":"purchasable","16":"product-type-variable"},"_links":{"self":[{"href":"https:\/\/atmalzemesi.com\/eskisite\/wp-json\/wp\/v2\/product\/11332","targetHints":{"allow":["GET"]}}],"collection":[{"href":"https:\/\/atmalzemesi.com\/eskisite\/wp-json\/wp\/v2\/product"}],"about":[{"href":"https:\/\/atmalzemesi.com\/eskisite\/wp-json\/wp\/v2\/types\/product"}],"replies":[{"embeddable":true,"href":"https:\/\/atmalzemesi.com\/eskisite\/wp-json\/wp\/v2\/comments?post=11332"}],"version-history":[{"count":0,"href":"https:\/\/atmalzemesi.com\/eskisite\/wp-json\/wp\/v2\/product\/11332\/revisions"}],"wp:featuredmedia":[{"embeddable":true,"href":"https:\/\/atmalzemesi.com\/eskisite\/wp-json\/wp\/v2\/media\/11344"}],"wp:attachment":[{"href":"https:\/\/atmalzemesi.com\/eskisite\/wp-json\/wp\/v2\/media?parent=11332"}],"wp:term":[{"taxonomy":"product_cat","embeddable":true,"href":"https:\/\/atmalzemesi.com\/eskisite\/wp-json\/wp\/v2\/product_cat?post=11332"},{"taxonomy":"product_tag","embeddable":true,"href":"https:\/\/atmalzemesi.com\/eskisite\/wp-json\/wp\/v2\/product_tag?post=11332"}],"curies":[{"name":"wp","href":"https:\/\/api.w.org\/{rel}","templated":true}]}}