{"id":11347,"date":"2023-12-14T23:17:07","date_gmt":"2023-12-14T23:17:07","guid":{"rendered":"https:\/\/atmalzemesi.com\/eskisite\/?post_type=product&#038;p=11347"},"modified":"2024-10-09T13:29:34","modified_gmt":"2024-10-09T13:29:34","slug":"tirnak-icin-silikon-macun-glue-shufill-hoof-packing-2x660-ml","status":"publish","type":"product","link":"https:\/\/atmalzemesi.com\/eskisite\/urun\/tirnak-icin-silikon-macun-glue-shufill-hoof-packing-2x660-ml\/","title":{"rendered":"T\u0131rnak \u0130\u00e7in Silikon Macun Glue Shufill Hoof Packing (2X660 ML)"},"content":{"rendered":"<p>T\u0131rnak \u0130\u00e7in Silikon Macun Glue Shufill Hoof Packing 2X660 ML<\/p>\n<p>Darbe emilimi ve koruma i\u00e7in hafif t\u0131rnak i\u00e7in silikon macun.<br \/>\n2\u00d7660 gr A25 mevcuttur.<br \/>\n\u00d6zellikle i\u00e7 t\u0131rnak ve maya y\u00fczeyini korumak i\u00e7in.<br \/>\nElle kolayca kar\u0131\u015ft\u0131r\u0131labilir ve \u015fekillendirilebilir.<br \/>\nKesilmesi kolayd\u0131r, bu da bir\u00e7ok durumda uygulanabilir olmas\u0131n\u0131 sa\u011flar.<br \/>\nS\u0131cakl\u0131k ve nem bu \u00fcr\u00fcn\u00fcn performans\u0131n\u0131 etkileyebilir.<br \/>\nShufill t\u0131rnak dolgusunu kullanmadan \u00f6nce \u0131s\u0131tmak sertle\u015fme s\u00fcresini \u00f6nemli \u00f6l\u00e7\u00fcde h\u0131zland\u0131r\u0131r.<\/p>\n<p>Nas\u0131l Kullanacaks\u0131n\u0131z? Bu videoda.<\/p>\n<p><iframe title=\"Application instruction: Shudim\" width=\"500\" height=\"281\" src=\"https:\/\/www.youtube.com\/embed\/9ECdkMlG2zs?start=54&#038;feature=oembed\" frameborder=\"0\" allow=\"accelerometer; autoplay; clipboard-write; encrypted-media; gyroscope; picture-in-picture; web-share\" referrerpolicy=\"strict-origin-when-cross-origin\" allowfullscreen><\/iframe><\/p>\n","protected":false},"excerpt":{"rendered":"<p>T\u0131rnak \u0130\u00e7in Silikon Macun Glue Shufill Hoof Packing 2X660 ML Darbe emilimi ve koruma i\u00e7in hafif t\u0131rnak i\u00e7in silikon macun.<\/p>\n","protected":false},"featured_media":11374,"comment_status":"open","ping_status":"closed","template":"","meta":{"_joinchat":[]},"product_cat":[332,334,336,335],"product_tag":[398],"class_list":{"0":"post-11347","1":"product","2":"type-product","3":"status-publish","4":"has-post-thumbnail","6":"product_cat-nal-ve-nalbant-malzemeleri","7":"product_cat-nalbant-malzemeleri","8":"product_cat-silikon-ve-yapistiricilar","9":"product_cat-urunler","10":"product_tag-tirnak-dolgusu","12":"first","13":"instock","14":"shipping-taxable","15":"purchasable","16":"product-type-simple"},"_links":{"self":[{"href":"https:\/\/atmalzemesi.com\/eskisite\/wp-json\/wp\/v2\/product\/11347","targetHints":{"allow":["GET"]}}],"collection":[{"href":"https:\/\/atmalzemesi.com\/eskisite\/wp-json\/wp\/v2\/product"}],"about":[{"href":"https:\/\/atmalzemesi.com\/eskisite\/wp-json\/wp\/v2\/types\/product"}],"replies":[{"embeddable":true,"href":"https:\/\/atmalzemesi.com\/eskisite\/wp-json\/wp\/v2\/comments?post=11347"}],"version-history":[{"count":0,"href":"https:\/\/atmalzemesi.com\/eskisite\/wp-json\/wp\/v2\/product\/11347\/revisions"}],"wp:featuredmedia":[{"embeddable":true,"href":"https:\/\/atmalzemesi.com\/eskisite\/wp-json\/wp\/v2\/media\/11374"}],"wp:attachment":[{"href":"https:\/\/atmalzemesi.com\/eskisite\/wp-json\/wp\/v2\/media?parent=11347"}],"wp:term":[{"taxonomy":"product_cat","embeddable":true,"href":"https:\/\/atmalzemesi.com\/eskisite\/wp-json\/wp\/v2\/product_cat?post=11347"},{"taxonomy":"product_tag","embeddable":true,"href":"https:\/\/atmalzemesi.com\/eskisite\/wp-json\/wp\/v2\/product_tag?post=11347"}],"curies":[{"name":"wp","href":"https:\/\/api.w.org\/{rel}","templated":true}]}}