{"id":11433,"date":"2023-12-14T23:18:00","date_gmt":"2023-12-14T23:18:00","guid":{"rendered":"https:\/\/atmalzemesi.com\/eskisite\/?post_type=product&#038;p=11433"},"modified":"2024-01-24T10:43:52","modified_gmt":"2024-01-24T10:43:52","slug":"cournucrescine-daily-hoof-moisturiser-500-ml","status":"publish","type":"product","link":"https:\/\/atmalzemesi.com\/eskisite\/urun\/cournucrescine-daily-hoof-moisturiser-500-ml\/","title":{"rendered":"Cournucrescine Daily Hoof Moisturiser  500 ML"},"content":{"rendered":"<p>CORNUCRESCINE DAILY HOOF MOISTURISER 500 ML<\/p>\n<p>Cornucrescine G\u00fcnl\u00fck T\u0131rnak Nemlendiricisi<br \/>\nTam t\u0131rnak bak\u0131m\u0131 i\u00e7in Cornucrescine 3 ad\u0131m sisteminin 3. Ad\u0131m\u0131<\/p>\n<p>Se\u00e7enek 2. \u00c7atlaklar\u0131n, yar\u0131klar\u0131n ve hasarl\u0131 t\u0131rnak yap\u0131lar\u0131n\u0131n \u00f6nlenmesine yard\u0131mc\u0131 olur<\/p>\n<p>A\u00c7IKLAMA<br \/>\n\u00d6ncelikle kuru ko\u015fullarda kullan\u0131m i\u00e7in, Geli\u015fmi\u015f, su bazl\u0131 form\u00fclasyon, nemin de\u011fi\u015ftirilmesine yard\u0131mc\u0131 olmak i\u00e7in t\u0131rna\u011f\u0131n derinliklerine n\u00fcfuz eder. G\u00fcnl\u00fck olarak kullan\u0131ld\u0131\u011f\u0131nda, bu \u00fcr\u00fcn optimum t\u0131rnak nemini korur. Kolay uygulama i\u00e7in entegre, kaliteli bir f\u0131r\u00e7a i\u00e7erir.<\/p>\n<p>KULLANIM<br \/>\nT\u0131rna\u011f\u0131n temiz ve kuru oldu\u011fundan ve ya\u011f ve gres i\u00e7ermedi\u011finden emin olun. G\u00fcnl\u00fck olarak t\u00fcm t\u0131rnak yap\u0131s\u0131na i\u00e7 f\u0131r\u00e7a ile bolca uygulay\u0131n\u0131z.<\/p>\n<p>Hasarl\u0131 t\u0131rnaklar i\u00e7in, t\u0131rnak b\u00fcy\u00fcmesini h\u0131zland\u0131rmak ve yeniden yap\u0131lanmaya yard\u0131mc\u0131 olmak i\u00e7in orijinal t\u0131rnak merhemi ile birlikte kullan\u0131n.<\/p>\n<p>Boyut: 500ml<\/p>\n","protected":false},"excerpt":{"rendered":"<p>CORNUCRESCINE DAILY HOOF MOISTURISER 500 ML Cornucrescine G\u00fcnl\u00fck T\u0131rnak Nemlendiricisi Tam t\u0131rnak bak\u0131m\u0131 i\u00e7in Cornucrescine 3 ad\u0131m sisteminin 3. Ad\u0131m\u0131<\/p>\n","protected":false},"featured_media":11466,"comment_status":"open","ping_status":"closed","template":"","meta":{"_joinchat":[]},"product_cat":[383,384,443,335],"product_tag":[780,386],"class_list":{"0":"post-11433","1":"product","2":"type-product","3":"status-publish","4":"has-post-thumbnail","6":"product_cat-at-sagligi","7":"product_cat-tirnak-bakimi","8":"product_cat-tirnak-tuy-kuyruk-yele-bakim","9":"product_cat-urunler","10":"product_tag-tirnak-bakimi","11":"product_tag-tirnak-yagi","13":"first","14":"instock","15":"shipping-taxable","16":"purchasable","17":"product-type-simple"},"_links":{"self":[{"href":"https:\/\/atmalzemesi.com\/eskisite\/wp-json\/wp\/v2\/product\/11433","targetHints":{"allow":["GET"]}}],"collection":[{"href":"https:\/\/atmalzemesi.com\/eskisite\/wp-json\/wp\/v2\/product"}],"about":[{"href":"https:\/\/atmalzemesi.com\/eskisite\/wp-json\/wp\/v2\/types\/product"}],"replies":[{"embeddable":true,"href":"https:\/\/atmalzemesi.com\/eskisite\/wp-json\/wp\/v2\/comments?post=11433"}],"version-history":[{"count":0,"href":"https:\/\/atmalzemesi.com\/eskisite\/wp-json\/wp\/v2\/product\/11433\/revisions"}],"wp:featuredmedia":[{"embeddable":true,"href":"https:\/\/atmalzemesi.com\/eskisite\/wp-json\/wp\/v2\/media\/11466"}],"wp:attachment":[{"href":"https:\/\/atmalzemesi.com\/eskisite\/wp-json\/wp\/v2\/media?parent=11433"}],"wp:term":[{"taxonomy":"product_cat","embeddable":true,"href":"https:\/\/atmalzemesi.com\/eskisite\/wp-json\/wp\/v2\/product_cat?post=11433"},{"taxonomy":"product_tag","embeddable":true,"href":"https:\/\/atmalzemesi.com\/eskisite\/wp-json\/wp\/v2\/product_tag?post=11433"}],"curies":[{"name":"wp","href":"https:\/\/api.w.org\/{rel}","templated":true}]}}