{"id":11523,"date":"2023-12-14T23:19:52","date_gmt":"2023-12-14T23:19:52","guid":{"rendered":"https:\/\/atmalzemesi.com\/eskisite\/?post_type=product&#038;p=11523"},"modified":"2024-04-26T07:00:12","modified_gmt":"2024-04-26T07:00:12","slug":"donerli-gem","status":"publish","type":"product","link":"https:\/\/atmalzemesi.com\/eskisite\/urun\/donerli-gem\/","title":{"rendered":"D\u00f6nerli Gem"},"content":{"rendered":"<p>Bak\u0131r, at\u0131n salya salg\u0131lamas\u0131na neden olan bir metaldir. Ekstra t\u00fck\u00fcr\u00fck, gemin\u00a0 a\u011f\u0131zda hissetti\u011fi sertli\u011fi yumu\u015fatmak i\u00e7in \u00e7al\u0131\u015f\u0131r. Bu gemi se\u00e7erseniz, at\u0131n\u0131z yaln\u0131zca \u00e7enesini gev\u015fetmeye ba\u015flamakla kalmaz, ayn\u0131 zamanda muhtemelen daha fazla salya salg\u0131lar ve \u00e7ok daha yumu\u015fak bir s\u00fcr\u00fc\u015f olur<\/p>\n","protected":false},"excerpt":{"rendered":"<p>Bak\u0131r, at\u0131n salya salg\u0131lamas\u0131na neden olan bir metaldir. Ekstra t\u00fck\u00fcr\u00fck, gemin\u00a0 a\u011f\u0131zda hissetti\u011fi sertli\u011fi yumu\u015fatmak i\u00e7in \u00e7al\u0131\u015f\u0131r. Bu gemi se\u00e7erseniz,<\/p>\n","protected":false},"featured_media":11559,"comment_status":"open","ping_status":"closed","template":"","meta":{"_joinchat":[]},"product_cat":[374,573,335],"product_tag":[437,599,796,580,581],"class_list":{"0":"post-11523","1":"product","2":"type-product","3":"status-publish","4":"has-post-thumbnail","6":"product_cat-at-malzemeleri","7":"product_cat-kantarma-gem","8":"product_cat-urunler","9":"product_tag-atmalzemesi","10":"product_tag-binicilik","11":"product_tag-donerli-gem","12":"product_tag-gem","13":"product_tag-kantarma","15":"first","16":"instock","17":"shipping-taxable","18":"purchasable","19":"product-type-variable"},"_links":{"self":[{"href":"https:\/\/atmalzemesi.com\/eskisite\/wp-json\/wp\/v2\/product\/11523","targetHints":{"allow":["GET"]}}],"collection":[{"href":"https:\/\/atmalzemesi.com\/eskisite\/wp-json\/wp\/v2\/product"}],"about":[{"href":"https:\/\/atmalzemesi.com\/eskisite\/wp-json\/wp\/v2\/types\/product"}],"replies":[{"embeddable":true,"href":"https:\/\/atmalzemesi.com\/eskisite\/wp-json\/wp\/v2\/comments?post=11523"}],"version-history":[{"count":0,"href":"https:\/\/atmalzemesi.com\/eskisite\/wp-json\/wp\/v2\/product\/11523\/revisions"}],"wp:featuredmedia":[{"embeddable":true,"href":"https:\/\/atmalzemesi.com\/eskisite\/wp-json\/wp\/v2\/media\/11559"}],"wp:attachment":[{"href":"https:\/\/atmalzemesi.com\/eskisite\/wp-json\/wp\/v2\/media?parent=11523"}],"wp:term":[{"taxonomy":"product_cat","embeddable":true,"href":"https:\/\/atmalzemesi.com\/eskisite\/wp-json\/wp\/v2\/product_cat?post=11523"},{"taxonomy":"product_tag","embeddable":true,"href":"https:\/\/atmalzemesi.com\/eskisite\/wp-json\/wp\/v2\/product_tag?post=11523"}],"curies":[{"name":"wp","href":"https:\/\/api.w.org\/{rel}","templated":true}]}}