{"id":11636,"date":"2023-12-14T23:21:23","date_gmt":"2023-12-14T23:21:23","guid":{"rendered":"https:\/\/atmalzemesi.com\/eskisite\/?post_type=product&#038;p=11636"},"modified":"2024-09-30T09:09:10","modified_gmt":"2024-09-30T09:09:10","slug":"darm-regulator-marstall-35-kg","status":"publish","type":"product","link":"https:\/\/atmalzemesi.com\/eskisite\/urun\/darm-regulator-marstall-35-kg\/","title":{"rendered":"Darm-Reg\u00fclat\u00f6r Marstall 3,5 Kg"},"content":{"rendered":"<p>marstall\u00a0<strong>Darm-Regulator, sulu d\u0131\u015fk\u0131 sorunu olan atlar i\u00e7in bir\u00a0<\/strong>diyet yem takviyesidir.<\/p>\n<p><strong>Marstall Darm-Reg\u00fclat\u00f6r\u00fcm\u00fcz suyu ba\u011flamak, prebiyotik eklemek ve ba\u011f\u0131rsa\u011f\u0131 uyarmak i\u00e7in \u00e7al\u0131\u015f\u0131r.<\/strong><\/p>\n<p>Marstall\u00a0<strong>Darm-Reg\u00fclat\u00f6r\u00fcm\u00fcz saf, do\u011fal i\u00e7eriklerden\u00a0<\/strong>yap\u0131lm\u0131\u015ft\u0131r ve sulu d\u0131\u015fk\u0131lara kar\u015f\u0131 \u00fc\u00e7l\u00fc etkiye sahiptir.\u00a0\u0130lk olarak su ve elektrolit dengesi dengelenir.\u00a0\u0130kinci olarak, arka ba\u011f\u0131rsak floras\u0131 d\u00fczenlenir ve desteklenir.\u00a0Son olarak, ba\u011f\u0131rsak biyomu, sakinle\u015ftirici otlar ve ba\u011f\u0131rsak dostu, prebiyotik diyet lifleri, marstall\u00a0<strong>Previta\u00a0<\/strong><strong>lifinin<\/strong>\u00a0\u00f6zel bir kar\u0131\u015f\u0131m\u0131 ile d\u00fczenlenir .\u00a0marstall\u00a0<strong>Darm-Regulator, \u00f6rne\u011fin solucan veya antibiyotik tedavilerinden sonra ba\u011f\u0131rsak floras\u0131n\u0131 nazik\u00e7e yeniden olu\u015fturmak i\u00e7in\u00a0<\/strong>idealdir .<\/p>\n<p>Sulu d\u0131\u015fk\u0131 belirli bir hastal\u0131k de\u011fil, son<br \/>\n20 y\u0131lda atlarda artan s\u0131kl\u0131kta meydana gelen bir olgudur.\u00a0Sebepler her vaka i\u00e7in farkl\u0131l\u0131k g\u00f6sterir ve genellikle belirsizdir.\u00a0Kesin olan tek \u015fey, sulu d\u0131\u015fk\u0131lar\u0131n hem at hem de sahibi i\u00e7in son derece<br \/>\nnaho\u015f ve ayn\u0131 zamanda \u00e7ok yo\u011fun bak\u0131m gerektirdi\u011fidir.<\/p>\n<p><strong>Atlar i\u00e7in diyet yem takviyesi<\/strong><\/p>\n<h2>Marstall Darm-Reg\u00fclat\u00f6r\u00fcn Bile\u015fimi<\/h2>\n<p>Lignosel\u00fcloz (ladin \u00f6z\u00fc) (%48), \u00e7imen, y\u00fcksek s\u0131cakl\u0131kta kurutulmu\u015f (%12.7), kurutulmu\u015f hindiba k\u00fcspesi (%6), kolza ya\u011f\u0131, rafine.\u00a0(%4,5) \u015feker pancar\u0131 k\u00fcspesi pekmezi (%3,6), otlar (deve dikeni tohumu, kesilmi\u015f \u0131s\u0131rgan, kesilmi\u015f karahindiba k\u00f6k\u00fc, \u00e7i\u00e7ekli al\u0131\u00e7 yapra\u011f\u0131, \u00f6\u011f\u00fct\u00fclm\u00fc\u015f biberiye yapra\u011f\u0131, \u00f6\u011f\u00fct\u00fclm\u00fc\u015f kimyon) (%1)<\/p>\n<p>EADCM uyumlu acc.\u00a0FEI.<\/p>\n<h2>Marstall Darm-Reg\u00fclat\u00f6r i\u00e7in besleme \u00f6nerileri\u2026<\/h2>\n<h3>A\u015f\u0131r\u0131 derecede sulu d\u0131\u015fk\u0131lar i\u00e7in<\/h3>\n<p>100 kg v\u00fccut a\u011f\u0131rl\u0131\u011f\u0131\/g\u00fcn ba\u015f\u0131na 30 ila 40 g<\/p>\n<h3>Hafif sulu d\u0131\u015fk\u0131lar i\u00e7in\/arka ba\u011f\u0131rsak floras\u0131n\u0131 yeniden olu\u015fturmak i\u00e7in<\/h3>\n<p>100 kg v\u00fccut a\u011f\u0131rl\u0131\u011f\u0131\/g\u00fcn ba\u015f\u0131na 15 &#8211; 30 g<\/p>\n<p><i>1 seviye \u00f6l\u00e7\u00fcm kep\u00e7esi = yakla\u015f\u0131k 100 gram<\/i><\/p>\n<p>&nbsp;<\/p>\n<h3>besleme tavsiyesi<\/h3>\n<p>M\u00fcmk\u00fcnse, \u00f6nerilen g\u00fcnl\u00fck miktar\u0131 iki beslemede verin.<\/p>\n<p>Tek ba\u015f\u0131na, at\u0131n her zamanki yemi ile kar\u0131\u015ft\u0131rarak yalakta veya p\u00fcre halinde besleyin.<\/p>\n<p><strong>\u00d6nerilen besleme s\u00fcresi:<\/strong>\u00a0Ba\u015flang\u0131\u00e7ta 6 aya kadar.\u00a0L\u00fctfen \u00f6nceki yem miktarlar\u0131n\u0131\/hijyenini kontrol edin.<\/p>\n<p>\u0130lk beslemeden \u00f6nce veya bu \u00fcr\u00fcn\u00fcn beslenmesini uzatmadan \u00f6nce veteriner tavsiyesi alman\u0131z\u0131 \u00f6neririz.\u00a0\u00d6nerilerimiz, g\u00fcnde 100 kg v\u00fccut a\u011f\u0131rl\u0131\u011f\u0131 ba\u015f\u0131na 1,5 kg kaba yem (ot) al\u0131m\u0131n\u0131 varsaymaktad\u0131r.<\/p>\n<p>&nbsp;<\/p>\n","protected":false},"excerpt":{"rendered":"<p>marstall\u00a0Darm-Regulator, sulu d\u0131\u015fk\u0131 sorunu olan atlar i\u00e7in bir\u00a0diyet yem takviyesidir. Marstall Darm-Reg\u00fclat\u00f6r\u00fcm\u00fcz suyu ba\u011flamak, prebiyotik eklemek ve ba\u011f\u0131rsa\u011f\u0131 uyarmak i\u00e7in<\/p>\n","protected":false},"featured_media":11647,"comment_status":"open","ping_status":"closed","template":"","meta":{"_joinchat":[]},"product_cat":[383,808,335],"product_tag":[537,809,810,811],"class_list":{"0":"post-11636","1":"product","2":"type-product","3":"status-publish","4":"has-post-thumbnail","6":"product_cat-at-sagligi","7":"product_cat-bagirsak-sistemi","8":"product_cat-urunler","9":"product_tag-atsagligi","10":"product_tag-bagirsaksistemi","11":"product_tag-marstall-darm-regulator","12":"product_tag-probiyotik","14":"first","15":"outofstock","16":"shipping-taxable","17":"purchasable","18":"product-type-simple"},"_links":{"self":[{"href":"https:\/\/atmalzemesi.com\/eskisite\/wp-json\/wp\/v2\/product\/11636","targetHints":{"allow":["GET"]}}],"collection":[{"href":"https:\/\/atmalzemesi.com\/eskisite\/wp-json\/wp\/v2\/product"}],"about":[{"href":"https:\/\/atmalzemesi.com\/eskisite\/wp-json\/wp\/v2\/types\/product"}],"replies":[{"embeddable":true,"href":"https:\/\/atmalzemesi.com\/eskisite\/wp-json\/wp\/v2\/comments?post=11636"}],"version-history":[{"count":0,"href":"https:\/\/atmalzemesi.com\/eskisite\/wp-json\/wp\/v2\/product\/11636\/revisions"}],"wp:featuredmedia":[{"embeddable":true,"href":"https:\/\/atmalzemesi.com\/eskisite\/wp-json\/wp\/v2\/media\/11647"}],"wp:attachment":[{"href":"https:\/\/atmalzemesi.com\/eskisite\/wp-json\/wp\/v2\/media?parent=11636"}],"wp:term":[{"taxonomy":"product_cat","embeddable":true,"href":"https:\/\/atmalzemesi.com\/eskisite\/wp-json\/wp\/v2\/product_cat?post=11636"},{"taxonomy":"product_tag","embeddable":true,"href":"https:\/\/atmalzemesi.com\/eskisite\/wp-json\/wp\/v2\/product_tag?post=11636"}],"curies":[{"name":"wp","href":"https:\/\/api.w.org\/{rel}","templated":true}]}}