{"id":11649,"date":"2023-12-14T23:21:44","date_gmt":"2023-12-14T23:21:44","guid":{"rendered":"https:\/\/atmalzemesi.com\/eskisite\/?post_type=product&#038;p=11649"},"modified":"2024-09-18T09:19:46","modified_gmt":"2024-09-18T09:19:46","slug":"jumping-eyer-seti-trend-norton-saks-mavisi","status":"publish","type":"product","link":"https:\/\/atmalzemesi.com\/eskisite\/urun\/jumping-eyer-seti-trend-norton-saks-mavisi\/","title":{"rendered":"Jumping Eyer Seti Trend (Norton Saks Mavisi)"},"content":{"rendered":"<p>Jumping Eyer Seti\u00a0 Trend (Norton Saks Mavisi)<\/p>\n<p>\u00d6l\u00e7\u00fc : 17,5 inch<\/p>\n<p>A\u00e7\u0131klama : \u0130skeletsiz, Hafif, PU ve Deri kar\u0131\u015f\u0131m\u0131 \u00fcst kuma\u015f\u0131 ve i\u00e7i Pelu\u015flu \u00fcretilmi\u015ftir. At\u0131n S\u0131rt\u0131n\u0131n \u015feklini rahatl\u0131kla almakta at ve kullan\u0131c\u0131 i\u00e7in konfor sa\u011flamaktad\u0131r.<\/p>\n<p>Eyer + Eyer alt\u0131 + \u00dczengi Kay\u0131\u015f\u0131 + \u00dczengi + Kolan Kay\u0131\u015f\u0131\u00a0 fiyata dahildir.<\/p>\n","protected":false},"excerpt":{"rendered":"<p>Jumping Eyer Seti\u00a0 Trend (Norton Saks Mavisi) \u00d6l\u00e7\u00fc : 17,5 inch A\u00e7\u0131klama : \u0130skeletsiz, Hafif, PU ve Deri kar\u0131\u015f\u0131m\u0131 \u00fcst<\/p>\n","protected":false},"featured_media":11679,"comment_status":"open","ping_status":"closed","template":"","meta":{"_joinchat":[]},"product_cat":[374,583,335],"product_tag":[585,652,812],"class_list":{"0":"post-11649","1":"product","2":"type-product","3":"status-publish","4":"has-post-thumbnail","6":"product_cat-at-malzemeleri","7":"product_cat-eyer","8":"product_cat-urunler","9":"product_tag-eyer","10":"product_tag-eyer-seti","11":"product_tag-trendeyerset","13":"first","14":"instock","15":"shipping-taxable","16":"purchasable","17":"product-type-simple"},"_links":{"self":[{"href":"https:\/\/atmalzemesi.com\/eskisite\/wp-json\/wp\/v2\/product\/11649","targetHints":{"allow":["GET"]}}],"collection":[{"href":"https:\/\/atmalzemesi.com\/eskisite\/wp-json\/wp\/v2\/product"}],"about":[{"href":"https:\/\/atmalzemesi.com\/eskisite\/wp-json\/wp\/v2\/types\/product"}],"replies":[{"embeddable":true,"href":"https:\/\/atmalzemesi.com\/eskisite\/wp-json\/wp\/v2\/comments?post=11649"}],"version-history":[{"count":0,"href":"https:\/\/atmalzemesi.com\/eskisite\/wp-json\/wp\/v2\/product\/11649\/revisions"}],"wp:featuredmedia":[{"embeddable":true,"href":"https:\/\/atmalzemesi.com\/eskisite\/wp-json\/wp\/v2\/media\/11679"}],"wp:attachment":[{"href":"https:\/\/atmalzemesi.com\/eskisite\/wp-json\/wp\/v2\/media?parent=11649"}],"wp:term":[{"taxonomy":"product_cat","embeddable":true,"href":"https:\/\/atmalzemesi.com\/eskisite\/wp-json\/wp\/v2\/product_cat?post=11649"},{"taxonomy":"product_tag","embeddable":true,"href":"https:\/\/atmalzemesi.com\/eskisite\/wp-json\/wp\/v2\/product_tag?post=11649"}],"curies":[{"name":"wp","href":"https:\/\/api.w.org\/{rel}","templated":true}]}}