{"id":11936,"date":"2023-12-14T23:25:28","date_gmt":"2023-12-14T23:25:28","guid":{"rendered":"https:\/\/atmalzemesi.com\/eskisite\/?post_type=product&#038;p=11936"},"modified":"2024-03-02T12:34:48","modified_gmt":"2024-03-02T12:34:48","slug":"peluslu-tendonluk-getri-siyah","status":"publish","type":"product","link":"https:\/\/atmalzemesi.com\/eskisite\/urun\/peluslu-tendonluk-getri-siyah\/","title":{"rendered":"Pelu\u015flu Tendonluk Getri (Siyah)"},"content":{"rendered":"<p>Pelu\u015flu Tendonluk Getri . (\u00e7ift fiyat\u0131d\u0131r)<\/p>\n","protected":false},"excerpt":{"rendered":"<p>Pelu\u015flu Tendonluk Getri . (\u00e7ift fiyat\u0131d\u0131r)<\/p>\n","protected":false},"featured_media":11964,"comment_status":"open","ping_status":"closed","template":"","meta":{"_joinchat":[]},"product_cat":[374,596,335],"product_tag":[576,437,597,825],"class_list":{"0":"post-11936","1":"product","2":"type-product","3":"status-publish","4":"has-post-thumbnail","6":"product_cat-at-malzemeleri","7":"product_cat-getri","8":"product_cat-urunler","9":"product_tag-ahirmalzemelesi","10":"product_tag-atmalzemesi","11":"product_tag-getr","12":"product_tag-peluslu-getr","14":"first","15":"instock","16":"shipping-taxable","17":"purchasable","18":"product-type-variable"},"_links":{"self":[{"href":"https:\/\/atmalzemesi.com\/eskisite\/wp-json\/wp\/v2\/product\/11936","targetHints":{"allow":["GET"]}}],"collection":[{"href":"https:\/\/atmalzemesi.com\/eskisite\/wp-json\/wp\/v2\/product"}],"about":[{"href":"https:\/\/atmalzemesi.com\/eskisite\/wp-json\/wp\/v2\/types\/product"}],"replies":[{"embeddable":true,"href":"https:\/\/atmalzemesi.com\/eskisite\/wp-json\/wp\/v2\/comments?post=11936"}],"version-history":[{"count":0,"href":"https:\/\/atmalzemesi.com\/eskisite\/wp-json\/wp\/v2\/product\/11936\/revisions"}],"wp:featuredmedia":[{"embeddable":true,"href":"https:\/\/atmalzemesi.com\/eskisite\/wp-json\/wp\/v2\/media\/11964"}],"wp:attachment":[{"href":"https:\/\/atmalzemesi.com\/eskisite\/wp-json\/wp\/v2\/media?parent=11936"}],"wp:term":[{"taxonomy":"product_cat","embeddable":true,"href":"https:\/\/atmalzemesi.com\/eskisite\/wp-json\/wp\/v2\/product_cat?post=11936"},{"taxonomy":"product_tag","embeddable":true,"href":"https:\/\/atmalzemesi.com\/eskisite\/wp-json\/wp\/v2\/product_tag?post=11936"}],"curies":[{"name":"wp","href":"https:\/\/api.w.org\/{rel}","templated":true}]}}