{"id":11947,"date":"2023-12-14T23:25:30","date_gmt":"2023-12-14T23:25:30","guid":{"rendered":"https:\/\/atmalzemesi.com\/eskisite\/?post_type=product&#038;p=11947"},"modified":"2024-05-17T11:06:13","modified_gmt":"2024-05-17T11:06:13","slug":"aluminyum-uzengi-pony-shetland-atlar-icin","status":"publish","type":"product","link":"https:\/\/atmalzemesi.com\/eskisite\/urun\/aluminyum-uzengi-pony-shetland-atlar-icin\/","title":{"rendered":"Al\u00fcminyum \u00dczengi (Pony-Shetland Atlar \u0130\u00e7in)"},"content":{"rendered":"<p>Al\u00fcminyum \u00dczengi (Pony Atlar \u0130\u00e7in)<\/p>\n","protected":false},"excerpt":{"rendered":"<p>Al\u00fcminyum \u00dczengi (Pony Atlar \u0130\u00e7in)<\/p>\n","protected":false},"featured_media":11970,"comment_status":"open","ping_status":"closed","template":"","meta":{"_joinchat":[]},"product_cat":[374,335,552],"product_tag":[848,762,682],"class_list":{"0":"post-11947","1":"product","2":"type-product","3":"status-publish","4":"has-post-thumbnail","6":"product_cat-at-malzemeleri","7":"product_cat-urunler","8":"product_cat-uzengi-uzengi-kayisi","9":"product_tag-aluminyum-uzengi","10":"product_tag-krom-uzengi","11":"product_tag-uzengi","13":"first","14":"instock","15":"shipping-taxable","16":"purchasable","17":"product-type-simple"},"_links":{"self":[{"href":"https:\/\/atmalzemesi.com\/eskisite\/wp-json\/wp\/v2\/product\/11947","targetHints":{"allow":["GET"]}}],"collection":[{"href":"https:\/\/atmalzemesi.com\/eskisite\/wp-json\/wp\/v2\/product"}],"about":[{"href":"https:\/\/atmalzemesi.com\/eskisite\/wp-json\/wp\/v2\/types\/product"}],"replies":[{"embeddable":true,"href":"https:\/\/atmalzemesi.com\/eskisite\/wp-json\/wp\/v2\/comments?post=11947"}],"version-history":[{"count":0,"href":"https:\/\/atmalzemesi.com\/eskisite\/wp-json\/wp\/v2\/product\/11947\/revisions"}],"wp:featuredmedia":[{"embeddable":true,"href":"https:\/\/atmalzemesi.com\/eskisite\/wp-json\/wp\/v2\/media\/11970"}],"wp:attachment":[{"href":"https:\/\/atmalzemesi.com\/eskisite\/wp-json\/wp\/v2\/media?parent=11947"}],"wp:term":[{"taxonomy":"product_cat","embeddable":true,"href":"https:\/\/atmalzemesi.com\/eskisite\/wp-json\/wp\/v2\/product_cat?post=11947"},{"taxonomy":"product_tag","embeddable":true,"href":"https:\/\/atmalzemesi.com\/eskisite\/wp-json\/wp\/v2\/product_tag?post=11947"}],"curies":[{"name":"wp","href":"https:\/\/api.w.org\/{rel}","templated":true}]}}