{"id":11948,"date":"2023-12-14T23:25:30","date_gmt":"2023-12-14T23:25:30","guid":{"rendered":"https:\/\/atmalzemesi.com\/eskisite\/?post_type=product&#038;p=11948"},"modified":"2024-12-02T09:48:16","modified_gmt":"2024-12-02T09:48:16","slug":"peluslu-tirnak-koruma-bandi","status":"publish","type":"product","link":"https:\/\/atmalzemesi.com\/eskisite\/urun\/peluslu-tirnak-koruma-bandi\/","title":{"rendered":"Pelu\u015flu T\u0131rnak Koruma Band\u0131"},"content":{"rendered":"<p>Pelu\u015flu T\u0131rnak Koruma Band\u0131<\/p>\n","protected":false},"excerpt":{"rendered":"<p>Pelu\u015flu T\u0131rnak Koruma Band\u0131<\/p>\n","protected":false},"featured_media":11971,"comment_status":"open","ping_status":"closed","template":"","meta":{"_joinchat":[]},"product_cat":[374,618,335],"product_tag":[674,775,849],"class_list":{"0":"post-11948","1":"product","2":"type-product","3":"status-publish","4":"has-post-thumbnail","6":"product_cat-at-malzemeleri","7":"product_cat-tirnak-lastigi","8":"product_cat-urunler","9":"product_tag-atmalzemsi","10":"product_tag-tirnak-lastigi","11":"product_tag-tirnak-koruma-bandi","13":"first","14":"instock","15":"shipping-taxable","16":"purchasable","17":"product-type-variable"},"_links":{"self":[{"href":"https:\/\/atmalzemesi.com\/eskisite\/wp-json\/wp\/v2\/product\/11948","targetHints":{"allow":["GET"]}}],"collection":[{"href":"https:\/\/atmalzemesi.com\/eskisite\/wp-json\/wp\/v2\/product"}],"about":[{"href":"https:\/\/atmalzemesi.com\/eskisite\/wp-json\/wp\/v2\/types\/product"}],"replies":[{"embeddable":true,"href":"https:\/\/atmalzemesi.com\/eskisite\/wp-json\/wp\/v2\/comments?post=11948"}],"version-history":[{"count":0,"href":"https:\/\/atmalzemesi.com\/eskisite\/wp-json\/wp\/v2\/product\/11948\/revisions"}],"wp:featuredmedia":[{"embeddable":true,"href":"https:\/\/atmalzemesi.com\/eskisite\/wp-json\/wp\/v2\/media\/11971"}],"wp:attachment":[{"href":"https:\/\/atmalzemesi.com\/eskisite\/wp-json\/wp\/v2\/media?parent=11948"}],"wp:term":[{"taxonomy":"product_cat","embeddable":true,"href":"https:\/\/atmalzemesi.com\/eskisite\/wp-json\/wp\/v2\/product_cat?post=11948"},{"taxonomy":"product_tag","embeddable":true,"href":"https:\/\/atmalzemesi.com\/eskisite\/wp-json\/wp\/v2\/product_tag?post=11948"}],"curies":[{"name":"wp","href":"https:\/\/api.w.org\/{rel}","templated":true}]}}