{"id":12086,"date":"2023-12-14T23:27:13","date_gmt":"2023-12-14T23:27:13","guid":{"rendered":"https:\/\/atmalzemesi.com\/eskisite\/?post_type=product&#038;p=12086"},"modified":"2025-07-30T15:32:34","modified_gmt":"2025-07-30T12:32:34","slug":"deri-peluslu-belly-kolon-siyah","status":"publish","type":"product","link":"https:\/\/atmalzemesi.com\/eskisite\/urun\/deri-peluslu-belly-kolon-siyah\/","title":{"rendered":"Deri Pelu\u015flu Belly Kolon (Siyah)"},"content":{"rendered":"<div class=\"post-excerpt\">\n<p>Deri Pelu\u015flu Belly Kolon<\/p>\n<p>Belly kolon, kurs s\u0131ras\u0131nda veya e\u011fitim s\u0131ras\u0131nda g\u00f6\u011f\u00fcs kafesinin tam korunmas\u0131 i\u00e7in tasarlanm\u0131\u015ft\u0131r. Ayr\u0131ca at\u0131n omzunu ve dirse\u011fini serbest b\u0131rakmak i\u00e7in anatomik olarak \u00fcretilir. Yumu\u015fak dana derisi, s\u00fcnger deste\u011fi\u00a0 ile birle\u015fti\u011finde ata maksimum konfor sa\u011flar. At\u0131n alt taraf\u0131n\u0131 darbelerden\u00a0 korumak i\u00e7in idealdir. \u0130\u00e7 tarafta kalan kal\u0131n pelu\u015f k\u0131sm\u0131 at\u0131n alt taraf\u0131na gelen bask\u0131lar\u0131 minimize eder.<\/p>\n<\/div>\n","protected":false},"excerpt":{"rendered":"<p>Deri Pelu\u015flu Belly Kolon Belly kolon, kurs s\u0131ras\u0131nda veya e\u011fitim s\u0131ras\u0131nda g\u00f6\u011f\u00fcs kafesinin tam korunmas\u0131 i\u00e7in tasarlanm\u0131\u015ft\u0131r. Ayr\u0131ca at\u0131n omzunu<\/p>\n","protected":false},"featured_media":12105,"comment_status":"open","ping_status":"closed","template":"","meta":{"_joinchat":[]},"product_cat":[374,565,335],"product_tag":[768,869],"class_list":{"0":"post-12086","1":"product","2":"type-product","3":"status-publish","4":"has-post-thumbnail","6":"product_cat-at-malzemeleri","7":"product_cat-kolan","8":"product_cat-urunler","9":"product_tag-kolon-kayisi","10":"product_tag-peluslu-kolon-kayisi","12":"first","13":"instock","14":"shipping-taxable","15":"purchasable","16":"product-type-variable"},"_links":{"self":[{"href":"https:\/\/atmalzemesi.com\/eskisite\/wp-json\/wp\/v2\/product\/12086","targetHints":{"allow":["GET"]}}],"collection":[{"href":"https:\/\/atmalzemesi.com\/eskisite\/wp-json\/wp\/v2\/product"}],"about":[{"href":"https:\/\/atmalzemesi.com\/eskisite\/wp-json\/wp\/v2\/types\/product"}],"replies":[{"embeddable":true,"href":"https:\/\/atmalzemesi.com\/eskisite\/wp-json\/wp\/v2\/comments?post=12086"}],"version-history":[{"count":0,"href":"https:\/\/atmalzemesi.com\/eskisite\/wp-json\/wp\/v2\/product\/12086\/revisions"}],"wp:featuredmedia":[{"embeddable":true,"href":"https:\/\/atmalzemesi.com\/eskisite\/wp-json\/wp\/v2\/media\/12105"}],"wp:attachment":[{"href":"https:\/\/atmalzemesi.com\/eskisite\/wp-json\/wp\/v2\/media?parent=12086"}],"wp:term":[{"taxonomy":"product_cat","embeddable":true,"href":"https:\/\/atmalzemesi.com\/eskisite\/wp-json\/wp\/v2\/product_cat?post=12086"},{"taxonomy":"product_tag","embeddable":true,"href":"https:\/\/atmalzemesi.com\/eskisite\/wp-json\/wp\/v2\/product_tag?post=12086"}],"curies":[{"name":"wp","href":"https:\/\/api.w.org\/{rel}","templated":true}]}}