{"id":12094,"date":"2023-12-14T23:27:14","date_gmt":"2023-12-14T23:27:14","guid":{"rendered":"https:\/\/atmalzemesi.com\/eskisite\/?post_type=product&#038;p=12094"},"modified":"2024-03-14T14:53:02","modified_gmt":"2024-03-14T14:53:02","slug":"nakisli-polar-sweat-shirt","status":"publish","type":"product","link":"https:\/\/atmalzemesi.com\/eskisite\/urun\/nakisli-polar-sweat-shirt\/","title":{"rendered":"Nak\u0131\u015fl\u0131 Polar Sweat-Shirt"},"content":{"rendered":"<p>Nak\u0131\u015fl\u0131 Polar Sweat-Shirt<\/p>\n","protected":false},"excerpt":{"rendered":"<p>Nak\u0131\u015fl\u0131 Polar Sweat-Shirt<\/p>\n","protected":false},"featured_media":12129,"comment_status":"open","ping_status":"closed","template":"","meta":{"_joinchat":[]},"product_cat":[518,870,335],"product_tag":[660,661,541,662,663,530],"class_list":{"0":"post-12094","1":"product","2":"type-product","3":"status-publish","4":"has-post-thumbnail","6":"product_cat-binicilik-malzemeleri","7":"product_cat-sweatshirt","8":"product_cat-urunler","9":"product_tag-atfigur","10":"product_tag-atsevgisi","11":"product_tag-binicilikmalzemesi","12":"product_tag-ka","13":"product_tag-kadintshirt","14":"product_tag-konkur","16":"first","17":"instock","18":"shipping-taxable","19":"purchasable","20":"product-type-variable"},"_links":{"self":[{"href":"https:\/\/atmalzemesi.com\/eskisite\/wp-json\/wp\/v2\/product\/12094","targetHints":{"allow":["GET"]}}],"collection":[{"href":"https:\/\/atmalzemesi.com\/eskisite\/wp-json\/wp\/v2\/product"}],"about":[{"href":"https:\/\/atmalzemesi.com\/eskisite\/wp-json\/wp\/v2\/types\/product"}],"replies":[{"embeddable":true,"href":"https:\/\/atmalzemesi.com\/eskisite\/wp-json\/wp\/v2\/comments?post=12094"}],"version-history":[{"count":0,"href":"https:\/\/atmalzemesi.com\/eskisite\/wp-json\/wp\/v2\/product\/12094\/revisions"}],"wp:featuredmedia":[{"embeddable":true,"href":"https:\/\/atmalzemesi.com\/eskisite\/wp-json\/wp\/v2\/media\/12129"}],"wp:attachment":[{"href":"https:\/\/atmalzemesi.com\/eskisite\/wp-json\/wp\/v2\/media?parent=12094"}],"wp:term":[{"taxonomy":"product_cat","embeddable":true,"href":"https:\/\/atmalzemesi.com\/eskisite\/wp-json\/wp\/v2\/product_cat?post=12094"},{"taxonomy":"product_tag","embeddable":true,"href":"https:\/\/atmalzemesi.com\/eskisite\/wp-json\/wp\/v2\/product_tag?post=12094"}],"curies":[{"name":"wp","href":"https:\/\/api.w.org\/{rel}","templated":true}]}}