{"id":12112,"date":"2023-12-14T23:27:38","date_gmt":"2023-12-14T23:27:38","guid":{"rendered":"https:\/\/atmalzemesi.com\/eskisite\/?post_type=product&#038;p=12112"},"modified":"2024-12-07T12:27:15","modified_gmt":"2024-12-07T12:27:15","slug":"kamci-65-cm-waldhausen","status":"publish","type":"product","link":"https:\/\/atmalzemesi.com\/eskisite\/urun\/kamci-65-cm-waldhausen\/","title":{"rendered":"Kam\u00e7\u0131 65 cm (Waldhausen)"},"content":{"rendered":"<p>Kam\u00e7\u0131 (Waldhausen) 65 cm<\/p>\n","protected":false},"excerpt":{"rendered":"<p>Kam\u00e7\u0131 (Waldhausen) 65 cm<\/p>\n","protected":false},"featured_media":12132,"comment_status":"open","ping_status":"closed","template":"","meta":{"_joinchat":[]},"product_cat":[518,589,588],"product_tag":[437,593,594,595,530],"class_list":{"0":"post-12112","1":"product","2":"type-product","3":"status-publish","4":"has-post-thumbnail","6":"product_cat-binicilik-malzemeleri","7":"product_cat-kamci-binicilik-malzemeleri","8":"product_cat-kamci","9":"product_tag-atmalzemesi","10":"product_tag-dresajkamcisi","11":"product_tag-istanbul","12":"product_tag-kamci","13":"product_tag-konkur","15":"first","16":"outofstock","17":"shipping-taxable","18":"purchasable","19":"product-type-simple"},"_links":{"self":[{"href":"https:\/\/atmalzemesi.com\/eskisite\/wp-json\/wp\/v2\/product\/12112","targetHints":{"allow":["GET"]}}],"collection":[{"href":"https:\/\/atmalzemesi.com\/eskisite\/wp-json\/wp\/v2\/product"}],"about":[{"href":"https:\/\/atmalzemesi.com\/eskisite\/wp-json\/wp\/v2\/types\/product"}],"replies":[{"embeddable":true,"href":"https:\/\/atmalzemesi.com\/eskisite\/wp-json\/wp\/v2\/comments?post=12112"}],"version-history":[{"count":0,"href":"https:\/\/atmalzemesi.com\/eskisite\/wp-json\/wp\/v2\/product\/12112\/revisions"}],"wp:featuredmedia":[{"embeddable":true,"href":"https:\/\/atmalzemesi.com\/eskisite\/wp-json\/wp\/v2\/media\/12132"}],"wp:attachment":[{"href":"https:\/\/atmalzemesi.com\/eskisite\/wp-json\/wp\/v2\/media?parent=12112"}],"wp:term":[{"taxonomy":"product_cat","embeddable":true,"href":"https:\/\/atmalzemesi.com\/eskisite\/wp-json\/wp\/v2\/product_cat?post=12112"},{"taxonomy":"product_tag","embeddable":true,"href":"https:\/\/atmalzemesi.com\/eskisite\/wp-json\/wp\/v2\/product_tag?post=12112"}],"curies":[{"name":"wp","href":"https:\/\/api.w.org\/{rel}","templated":true}]}}