{"id":12303,"date":"2023-12-14T23:30:05","date_gmt":"2023-12-14T23:30:05","guid":{"rendered":"https:\/\/atmalzemesi.com\/eskisite\/?post_type=product&#038;p=12303"},"modified":"2025-05-30T13:01:33","modified_gmt":"2025-05-30T10:01:33","slug":"fircali-maya-demiri-2","status":"publish","type":"product","link":"https:\/\/atmalzemesi.com\/eskisite\/urun\/fircali-maya-demiri-2\/","title":{"rendered":"F\u0131r\u00e7al\u0131 Maya Demiri"},"content":{"rendered":"<p>F\u0131r\u00e7al\u0131 Maya Demiri<\/p>\n","protected":false},"excerpt":{"rendered":"<p>F\u0131r\u00e7al\u0131 Maya Demiri<\/p>\n","protected":false},"featured_media":12345,"comment_status":"open","ping_status":"closed","template":"","meta":{"_joinchat":[]},"product_cat":[378,454,335],"product_tag":[455,643,644],"class_list":{"0":"post-12303","1":"product","2":"type-product","3":"status-publish","4":"has-post-thumbnail","6":"product_cat-ahir-ve-timar-malzemeleri","7":"product_cat-timar-malzemesi","8":"product_cat-urunler","9":"product_tag-ahir-malzemeleri","10":"product_tag-fircali-maya-demiri","11":"product_tag-maya-demiri","13":"first","14":"instock","15":"shipping-taxable","16":"purchasable","17":"product-type-simple"},"_links":{"self":[{"href":"https:\/\/atmalzemesi.com\/eskisite\/wp-json\/wp\/v2\/product\/12303","targetHints":{"allow":["GET"]}}],"collection":[{"href":"https:\/\/atmalzemesi.com\/eskisite\/wp-json\/wp\/v2\/product"}],"about":[{"href":"https:\/\/atmalzemesi.com\/eskisite\/wp-json\/wp\/v2\/types\/product"}],"replies":[{"embeddable":true,"href":"https:\/\/atmalzemesi.com\/eskisite\/wp-json\/wp\/v2\/comments?post=12303"}],"version-history":[{"count":0,"href":"https:\/\/atmalzemesi.com\/eskisite\/wp-json\/wp\/v2\/product\/12303\/revisions"}],"wp:featuredmedia":[{"embeddable":true,"href":"https:\/\/atmalzemesi.com\/eskisite\/wp-json\/wp\/v2\/media\/12345"}],"wp:attachment":[{"href":"https:\/\/atmalzemesi.com\/eskisite\/wp-json\/wp\/v2\/media?parent=12303"}],"wp:term":[{"taxonomy":"product_cat","embeddable":true,"href":"https:\/\/atmalzemesi.com\/eskisite\/wp-json\/wp\/v2\/product_cat?post=12303"},{"taxonomy":"product_tag","embeddable":true,"href":"https:\/\/atmalzemesi.com\/eskisite\/wp-json\/wp\/v2\/product_tag?post=12303"}],"curies":[{"name":"wp","href":"https:\/\/api.w.org\/{rel}","templated":true}]}}