{"id":12312,"date":"2023-12-14T23:30:06","date_gmt":"2023-12-14T23:30:06","guid":{"rendered":"https:\/\/atmalzemesi.com\/eskisite\/?post_type=product&#038;p=12312"},"modified":"2024-11-15T07:47:42","modified_gmt":"2024-11-15T07:47:42","slug":"malzeme-dolabi","status":"publish","type":"product","link":"https:\/\/atmalzemesi.com\/eskisite\/urun\/malzeme-dolabi\/","title":{"rendered":"Malzeme Dolab\u0131"},"content":{"rendered":"<p>Malzeme Dolab\u0131<\/p>\n<p>Tekerlekli Kolay ta\u015f\u0131nabilir<\/p>\n<p>Metalden imal edilmi\u015ftir.<\/p>\n<p>120 cm y\u00fckseklik. 60 cm en. 60 cm derinli\u011fe sahiptir.<\/p>\n","protected":false},"excerpt":{"rendered":"<p>Malzeme Dolab\u0131 Tekerlekli Kolay ta\u015f\u0131nabilir Metalden imal edilmi\u015ftir. 120 cm y\u00fckseklik. 60 cm en. 60 cm derinli\u011fe sahiptir.<\/p>\n","protected":false},"featured_media":12347,"comment_status":"open","ping_status":"closed","template":"","meta":{"_joinchat":[]},"product_cat":[671,378,374,583,335],"product_tag":[884],"class_list":{"0":"post-12312","1":"product","2":"type-product","3":"status-publish","4":"has-post-thumbnail","6":"product_cat-ahir-malzemeleri","7":"product_cat-ahir-ve-timar-malzemeleri","8":"product_cat-at-malzemeleri","9":"product_cat-eyer","10":"product_cat-urunler","11":"product_tag-malzeme-dolabi","13":"first","14":"instock","15":"shipping-taxable","16":"purchasable","17":"product-type-simple"},"_links":{"self":[{"href":"https:\/\/atmalzemesi.com\/eskisite\/wp-json\/wp\/v2\/product\/12312","targetHints":{"allow":["GET"]}}],"collection":[{"href":"https:\/\/atmalzemesi.com\/eskisite\/wp-json\/wp\/v2\/product"}],"about":[{"href":"https:\/\/atmalzemesi.com\/eskisite\/wp-json\/wp\/v2\/types\/product"}],"replies":[{"embeddable":true,"href":"https:\/\/atmalzemesi.com\/eskisite\/wp-json\/wp\/v2\/comments?post=12312"}],"version-history":[{"count":0,"href":"https:\/\/atmalzemesi.com\/eskisite\/wp-json\/wp\/v2\/product\/12312\/revisions"}],"wp:featuredmedia":[{"embeddable":true,"href":"https:\/\/atmalzemesi.com\/eskisite\/wp-json\/wp\/v2\/media\/12347"}],"wp:attachment":[{"href":"https:\/\/atmalzemesi.com\/eskisite\/wp-json\/wp\/v2\/media?parent=12312"}],"wp:term":[{"taxonomy":"product_cat","embeddable":true,"href":"https:\/\/atmalzemesi.com\/eskisite\/wp-json\/wp\/v2\/product_cat?post=12312"},{"taxonomy":"product_tag","embeddable":true,"href":"https:\/\/atmalzemesi.com\/eskisite\/wp-json\/wp\/v2\/product_tag?post=12312"}],"curies":[{"name":"wp","href":"https:\/\/api.w.org\/{rel}","templated":true}]}}