{"id":12337,"date":"2023-12-14T23:30:33","date_gmt":"2023-12-14T23:30:33","guid":{"rendered":"https:\/\/atmalzemesi.com\/eskisite\/?post_type=product&#038;p=12337"},"modified":"2025-11-16T00:28:05","modified_gmt":"2025-11-15T21:28:05","slug":"aluminyum-uzengi-2","status":"publish","type":"product","link":"https:\/\/atmalzemesi.com\/eskisite\/urun\/aluminyum-uzengi-2\/","title":{"rendered":"Al\u00fcminyum \u00dczengi"},"content":{"rendered":"<p>Al\u00fcminyum \u00dczengi<\/p>\n","protected":false},"excerpt":{"rendered":"<p>Al\u00fcminyum \u00dczengi<\/p>\n","protected":false},"featured_media":12376,"comment_status":"open","ping_status":"closed","template":"","meta":{"_joinchat":[]},"product_cat":[374,335,552],"product_tag":[848,800,682],"class_list":{"0":"post-12337","1":"product","2":"type-product","3":"status-publish","4":"has-post-thumbnail","6":"product_cat-at-malzemeleri","7":"product_cat-urunler","8":"product_cat-uzengi-uzengi-kayisi","9":"product_tag-aluminyum-uzengi","10":"product_tag-kapali-uzengi","11":"product_tag-uzengi","13":"first","14":"outofstock","15":"shipping-taxable","16":"purchasable","17":"product-type-simple"},"_links":{"self":[{"href":"https:\/\/atmalzemesi.com\/eskisite\/wp-json\/wp\/v2\/product\/12337","targetHints":{"allow":["GET"]}}],"collection":[{"href":"https:\/\/atmalzemesi.com\/eskisite\/wp-json\/wp\/v2\/product"}],"about":[{"href":"https:\/\/atmalzemesi.com\/eskisite\/wp-json\/wp\/v2\/types\/product"}],"replies":[{"embeddable":true,"href":"https:\/\/atmalzemesi.com\/eskisite\/wp-json\/wp\/v2\/comments?post=12337"}],"version-history":[{"count":0,"href":"https:\/\/atmalzemesi.com\/eskisite\/wp-json\/wp\/v2\/product\/12337\/revisions"}],"wp:featuredmedia":[{"embeddable":true,"href":"https:\/\/atmalzemesi.com\/eskisite\/wp-json\/wp\/v2\/media\/12376"}],"wp:attachment":[{"href":"https:\/\/atmalzemesi.com\/eskisite\/wp-json\/wp\/v2\/media?parent=12337"}],"wp:term":[{"taxonomy":"product_cat","embeddable":true,"href":"https:\/\/atmalzemesi.com\/eskisite\/wp-json\/wp\/v2\/product_cat?post=12337"},{"taxonomy":"product_tag","embeddable":true,"href":"https:\/\/atmalzemesi.com\/eskisite\/wp-json\/wp\/v2\/product_tag?post=12337"}],"curies":[{"name":"wp","href":"https:\/\/api.w.org\/{rel}","templated":true}]}}