{"id":12853,"date":"2024-01-06T11:27:47","date_gmt":"2024-01-06T11:27:47","guid":{"rendered":"https:\/\/atmalzemesi.com\/eskisite\/?post_type=product&#038;p=12853"},"modified":"2024-10-23T12:14:42","modified_gmt":"2024-10-23T12:14:42","slug":"deri-kolon-kayisi-siyah","status":"publish","type":"product","link":"https:\/\/atmalzemesi.com\/eskisite\/urun\/deri-kolon-kayisi-siyah\/","title":{"rendered":"Deri Kolon Kay\u0131\u015f\u0131 (Siyah)"},"content":{"rendered":"<p>Deri kolan kay\u0131\u015f\u0131 i\u00e7 taraf\u0131 kahve d\u0131\u015f\u0131 siyah 115, 120, 125 ve 130 cm Ebatlar\u0131nda<\/p>\n","protected":false},"excerpt":{"rendered":"<p>Deri kolan kay\u0131\u015f\u0131 i\u00e7 taraf\u0131 kahve d\u0131\u015f\u0131 siyah 115, 120, 125 ve 130 cm Ebatlar\u0131nda<\/p>\n","protected":false},"featured_media":12847,"comment_status":"open","ping_status":"closed","template":"","meta":{"_joinchat":[]},"product_cat":[374,565,335],"product_tag":[768],"class_list":{"0":"post-12853","1":"product","2":"type-product","3":"status-publish","4":"has-post-thumbnail","6":"product_cat-at-malzemeleri","7":"product_cat-kolan","8":"product_cat-urunler","9":"product_tag-kolon-kayisi","11":"first","12":"instock","13":"shipping-taxable","14":"purchasable","15":"product-type-variable"},"_links":{"self":[{"href":"https:\/\/atmalzemesi.com\/eskisite\/wp-json\/wp\/v2\/product\/12853","targetHints":{"allow":["GET"]}}],"collection":[{"href":"https:\/\/atmalzemesi.com\/eskisite\/wp-json\/wp\/v2\/product"}],"about":[{"href":"https:\/\/atmalzemesi.com\/eskisite\/wp-json\/wp\/v2\/types\/product"}],"replies":[{"embeddable":true,"href":"https:\/\/atmalzemesi.com\/eskisite\/wp-json\/wp\/v2\/comments?post=12853"}],"version-history":[{"count":0,"href":"https:\/\/atmalzemesi.com\/eskisite\/wp-json\/wp\/v2\/product\/12853\/revisions"}],"wp:featuredmedia":[{"embeddable":true,"href":"https:\/\/atmalzemesi.com\/eskisite\/wp-json\/wp\/v2\/media\/12847"}],"wp:attachment":[{"href":"https:\/\/atmalzemesi.com\/eskisite\/wp-json\/wp\/v2\/media?parent=12853"}],"wp:term":[{"taxonomy":"product_cat","embeddable":true,"href":"https:\/\/atmalzemesi.com\/eskisite\/wp-json\/wp\/v2\/product_cat?post=12853"},{"taxonomy":"product_tag","embeddable":true,"href":"https:\/\/atmalzemesi.com\/eskisite\/wp-json\/wp\/v2\/product_tag?post=12853"}],"curies":[{"name":"wp","href":"https:\/\/api.w.org\/{rel}","templated":true}]}}