{"id":13561,"date":"2024-04-05T07:23:13","date_gmt":"2024-04-05T07:23:13","guid":{"rendered":"https:\/\/atmalzemesi.com\/eskisite\/?post_type=product&#038;p=13561"},"modified":"2024-12-16T10:22:37","modified_gmt":"2024-12-16T10:22:37","slug":"eyer-alti-bordo-rider","status":"publish","type":"product","link":"https:\/\/atmalzemesi.com\/eskisite\/urun\/eyer-alti-bordo-rider\/","title":{"rendered":"Eyer Alt\u0131 Kapitone Bordo 2Z"},"content":{"rendered":"<p>Eyer Alt\u0131 Kapitone Bordo 2Z<\/p>\n<p>Eyer altl\u0131\u011f\u0131, \u00e7ok \u015f\u0131k ve kullan\u0131\u015fl\u0131 %65 pamuk %35 polyester \u0130\u00e7i Elyaf<\/p>\n","protected":false},"excerpt":{"rendered":"<p>Eyer Alt\u0131 Kapitone Bordo 2Z Eyer altl\u0131\u011f\u0131, \u00e7ok \u015f\u0131k ve kullan\u0131\u015fl\u0131 %65 pamuk %35 polyester \u0130\u00e7i Elyaf<\/p>\n","protected":false},"featured_media":14338,"comment_status":"open","ping_status":"closed","template":"","meta":{"_joinchat":[]},"product_cat":[374,508,335],"product_tag":[934,509,510,511],"class_list":{"0":"post-13561","1":"product","2":"type-product","3":"status-publish","4":"has-post-thumbnail","6":"product_cat-at-malzemeleri","7":"product_cat-eyer-alti","8":"product_cat-urunler","9":"product_tag-bordo-eyeralti","10":"product_tag-eyeraltligi","11":"product_tag-kapitone-eyeralti","12":"product_tag-yesileyeralti","14":"first","15":"instock","16":"shipping-taxable","17":"purchasable","18":"product-type-simple"},"_links":{"self":[{"href":"https:\/\/atmalzemesi.com\/eskisite\/wp-json\/wp\/v2\/product\/13561","targetHints":{"allow":["GET"]}}],"collection":[{"href":"https:\/\/atmalzemesi.com\/eskisite\/wp-json\/wp\/v2\/product"}],"about":[{"href":"https:\/\/atmalzemesi.com\/eskisite\/wp-json\/wp\/v2\/types\/product"}],"replies":[{"embeddable":true,"href":"https:\/\/atmalzemesi.com\/eskisite\/wp-json\/wp\/v2\/comments?post=13561"}],"version-history":[{"count":0,"href":"https:\/\/atmalzemesi.com\/eskisite\/wp-json\/wp\/v2\/product\/13561\/revisions"}],"wp:featuredmedia":[{"embeddable":true,"href":"https:\/\/atmalzemesi.com\/eskisite\/wp-json\/wp\/v2\/media\/14338"}],"wp:attachment":[{"href":"https:\/\/atmalzemesi.com\/eskisite\/wp-json\/wp\/v2\/media?parent=13561"}],"wp:term":[{"taxonomy":"product_cat","embeddable":true,"href":"https:\/\/atmalzemesi.com\/eskisite\/wp-json\/wp\/v2\/product_cat?post=13561"},{"taxonomy":"product_tag","embeddable":true,"href":"https:\/\/atmalzemesi.com\/eskisite\/wp-json\/wp\/v2\/product_tag?post=13561"}],"curies":[{"name":"wp","href":"https:\/\/api.w.org\/{rel}","templated":true}]}}