{"id":13743,"date":"2024-06-06T14:19:32","date_gmt":"2024-06-06T14:19:32","guid":{"rendered":"https:\/\/atmalzemesi.com\/eskisite\/?post_type=product&#038;p=13743"},"modified":"2024-06-08T10:54:36","modified_gmt":"2024-06-08T10:54:36","slug":"eyeralti-pelus-pad-f-r-a-de-luxe-extra","status":"publish","type":"product","link":"https:\/\/atmalzemesi.com\/eskisite\/urun\/eyeralti-pelus-pad-f-r-a-de-luxe-extra\/","title":{"rendered":"Eyeralt\u0131 Pelu\u015f Pad (F.R.A.\u00ae de luxe extra)"},"content":{"rendered":"<p>Pelu\u015f Pad (F.R.A.\u00ae saddle pad de luxe extra)<\/p>\n<p>\u00d6zellikleri:<\/p>\n<p>\u2013 anatomik \u015fekilli<br \/>\n\u2013 Darbelere kar\u015f\u0131 korumal\u0131 pamuk dolgulu<br \/>\n\u2013 30mm koyun derisinden yap\u0131lm\u0131\u015f alt k\u0131s\u0131m<br \/>\n\u2013 omurga \u00f6zg\u00fcrl\u00fc\u011f\u00fc<br \/>\n\u2013 dolgular i\u00e7in yer<br \/>\n\u2013 \u00f6n ve arka k\u0131sm\u0131 k\u00fcrk yakal\u0131<br \/>\n\u2013 dolgularla beraber sat\u0131l\u0131r<\/p>\n<p>&nbsp;<\/p>\n","protected":false},"excerpt":{"rendered":"<p>Pelu\u015f Pad (F.R.A.\u00ae saddle pad de luxe extra) \u00d6zellikleri: \u2013 anatomik \u015fekilli \u2013 Darbelere kar\u015f\u0131 korumal\u0131 pamuk dolgulu \u2013 30mm<\/p>\n","protected":false},"featured_media":13744,"comment_status":"open","ping_status":"closed","template":"","meta":{"_joinchat":[]},"product_cat":[374,508],"product_tag":[513,509,514,515],"class_list":{"0":"post-13743","1":"product","2":"type-product","3":"status-publish","4":"has-post-thumbnail","6":"product_cat-at-malzemeleri","7":"product_cat-eyer-alti","8":"product_tag-eyer-alti","9":"product_tag-eyeraltligi","10":"product_tag-kamuflaj","11":"product_tag-pelusped","13":"first","14":"outofstock","15":"shipping-taxable","16":"purchasable","17":"product-type-simple"},"_links":{"self":[{"href":"https:\/\/atmalzemesi.com\/eskisite\/wp-json\/wp\/v2\/product\/13743","targetHints":{"allow":["GET"]}}],"collection":[{"href":"https:\/\/atmalzemesi.com\/eskisite\/wp-json\/wp\/v2\/product"}],"about":[{"href":"https:\/\/atmalzemesi.com\/eskisite\/wp-json\/wp\/v2\/types\/product"}],"replies":[{"embeddable":true,"href":"https:\/\/atmalzemesi.com\/eskisite\/wp-json\/wp\/v2\/comments?post=13743"}],"version-history":[{"count":0,"href":"https:\/\/atmalzemesi.com\/eskisite\/wp-json\/wp\/v2\/product\/13743\/revisions"}],"wp:featuredmedia":[{"embeddable":true,"href":"https:\/\/atmalzemesi.com\/eskisite\/wp-json\/wp\/v2\/media\/13744"}],"wp:attachment":[{"href":"https:\/\/atmalzemesi.com\/eskisite\/wp-json\/wp\/v2\/media?parent=13743"}],"wp:term":[{"taxonomy":"product_cat","embeddable":true,"href":"https:\/\/atmalzemesi.com\/eskisite\/wp-json\/wp\/v2\/product_cat?post=13743"},{"taxonomy":"product_tag","embeddable":true,"href":"https:\/\/atmalzemesi.com\/eskisite\/wp-json\/wp\/v2\/product_tag?post=13743"}],"curies":[{"name":"wp","href":"https:\/\/api.w.org\/{rel}","templated":true}]}}