{"id":13745,"date":"2024-06-07T09:30:20","date_gmt":"2024-06-07T09:30:20","guid":{"rendered":"https:\/\/atmalzemesi.com\/eskisite\/?post_type=product&#038;p=13745"},"modified":"2024-12-09T08:00:11","modified_gmt":"2024-12-09T08:00:11","slug":"endurance-eyer-seti-kahve","status":"publish","type":"product","link":"https:\/\/atmalzemesi.com\/eskisite\/urun\/endurance-eyer-seti-kahve\/","title":{"rendered":"Endurance Eyer Seti (Kahve)"},"content":{"rendered":"<p>Endurance Eyer Seti (Kahve)<\/p>\n<p>\u00d6l\u00e7\u00fc : 17 inch<\/p>\n<p>Eyer + \u00dczengi Kay\u0131\u015f\u0131 + \u00dczengi + Kolan Kay\u0131\u015f\u0131 \u00a0fiyata dahildir.<\/p>\n","protected":false},"excerpt":{"rendered":"<p>Endurance Eyer Seti (Kahve) \u00d6l\u00e7\u00fc : 17 inch Eyer + \u00dczengi Kay\u0131\u015f\u0131 + \u00dczengi + Kolan Kay\u0131\u015f\u0131 \u00a0fiyata dahildir.<\/p>\n","protected":false},"featured_media":11902,"comment_status":"open","ping_status":"closed","template":"","meta":{"_joinchat":[]},"product_cat":[374,583,335],"product_tag":[607,585,652],"class_list":{"0":"post-13745","1":"product","2":"type-product","3":"status-publish","4":"has-post-thumbnail","6":"product_cat-at-malzemeleri","7":"product_cat-eyer","8":"product_cat-urunler","9":"product_tag-endurance","10":"product_tag-eyer","11":"product_tag-eyer-seti","13":"first","14":"instock","15":"shipping-taxable","16":"purchasable","17":"product-type-simple"},"_links":{"self":[{"href":"https:\/\/atmalzemesi.com\/eskisite\/wp-json\/wp\/v2\/product\/13745","targetHints":{"allow":["GET"]}}],"collection":[{"href":"https:\/\/atmalzemesi.com\/eskisite\/wp-json\/wp\/v2\/product"}],"about":[{"href":"https:\/\/atmalzemesi.com\/eskisite\/wp-json\/wp\/v2\/types\/product"}],"replies":[{"embeddable":true,"href":"https:\/\/atmalzemesi.com\/eskisite\/wp-json\/wp\/v2\/comments?post=13745"}],"version-history":[{"count":0,"href":"https:\/\/atmalzemesi.com\/eskisite\/wp-json\/wp\/v2\/product\/13745\/revisions"}],"wp:featuredmedia":[{"embeddable":true,"href":"https:\/\/atmalzemesi.com\/eskisite\/wp-json\/wp\/v2\/media\/11902"}],"wp:attachment":[{"href":"https:\/\/atmalzemesi.com\/eskisite\/wp-json\/wp\/v2\/media?parent=13745"}],"wp:term":[{"taxonomy":"product_cat","embeddable":true,"href":"https:\/\/atmalzemesi.com\/eskisite\/wp-json\/wp\/v2\/product_cat?post=13745"},{"taxonomy":"product_tag","embeddable":true,"href":"https:\/\/atmalzemesi.com\/eskisite\/wp-json\/wp\/v2\/product_tag?post=13745"}],"curies":[{"name":"wp","href":"https:\/\/api.w.org\/{rel}","templated":true}]}}