{"id":13812,"date":"2024-07-11T12:40:55","date_gmt":"2024-07-11T12:40:55","guid":{"rendered":"https:\/\/atmalzemesi.com\/eskisite\/?post_type=product&#038;p=13812"},"modified":"2024-07-11T12:54:21","modified_gmt":"2024-07-11T12:54:21","slug":"leovet-power-detangler-camomile-550-ml","status":"publish","type":"product","link":"https:\/\/atmalzemesi.com\/eskisite\/urun\/leovet-power-detangler-camomile-550-ml\/","title":{"rendered":"LEOVET POWER DETANGLER CAMOMILE (550 ML)"},"content":{"rendered":"<p>LEOVET POWER DETANGLER CAMOMILE<\/p>\n<p>Roma papatyas\u0131 i\u00e7eri\u011fiyle\u00a0do\u011fal olarak parlar, soluk t\u00fcylere, yelelere ve kuyruklara\u00a0parlak bir renk yans\u0131mas\u0131 verir.<\/p>\n<p>Power Detangler Camomile bolca hacim verir, yele ve kuyru\u011fun h\u0131zl\u0131 ve kolay taranmas\u0131n\u0131 sa\u011flar. UV filtreleri t\u00fcylerin solmas\u0131n\u0131 \u00f6nler.<\/p>\n","protected":false},"excerpt":{"rendered":"<p>Kuyruk ve Yelelere parlakl\u0131k verir.<\/p>\n","protected":false},"featured_media":13811,"comment_status":"open","ping_status":"closed","template":"","meta":{"_joinchat":[]},"product_cat":[383,443,335],"product_tag":[436,635],"class_list":{"0":"post-13812","1":"product","2":"type-product","3":"status-publish","4":"has-post-thumbnail","6":"product_cat-at-sagligi","7":"product_cat-tirnak-tuy-kuyruk-yele-bakim","8":"product_cat-urunler","9":"product_tag-at-sagligi","10":"product_tag-kuyruk-yele-spreyi","12":"first","13":"instock","14":"shipping-taxable","15":"purchasable","16":"product-type-simple"},"_links":{"self":[{"href":"https:\/\/atmalzemesi.com\/eskisite\/wp-json\/wp\/v2\/product\/13812","targetHints":{"allow":["GET"]}}],"collection":[{"href":"https:\/\/atmalzemesi.com\/eskisite\/wp-json\/wp\/v2\/product"}],"about":[{"href":"https:\/\/atmalzemesi.com\/eskisite\/wp-json\/wp\/v2\/types\/product"}],"replies":[{"embeddable":true,"href":"https:\/\/atmalzemesi.com\/eskisite\/wp-json\/wp\/v2\/comments?post=13812"}],"version-history":[{"count":0,"href":"https:\/\/atmalzemesi.com\/eskisite\/wp-json\/wp\/v2\/product\/13812\/revisions"}],"wp:featuredmedia":[{"embeddable":true,"href":"https:\/\/atmalzemesi.com\/eskisite\/wp-json\/wp\/v2\/media\/13811"}],"wp:attachment":[{"href":"https:\/\/atmalzemesi.com\/eskisite\/wp-json\/wp\/v2\/media?parent=13812"}],"wp:term":[{"taxonomy":"product_cat","embeddable":true,"href":"https:\/\/atmalzemesi.com\/eskisite\/wp-json\/wp\/v2\/product_cat?post=13812"},{"taxonomy":"product_tag","embeddable":true,"href":"https:\/\/atmalzemesi.com\/eskisite\/wp-json\/wp\/v2\/product_tag?post=13812"}],"curies":[{"name":"wp","href":"https:\/\/api.w.org\/{rel}","templated":true}]}}