{"id":14297,"date":"2024-12-09T12:13:09","date_gmt":"2024-12-09T12:13:09","guid":{"rendered":"https:\/\/atmalzemesi.com\/eskisite\/?post_type=product&#038;p=14297"},"modified":"2024-12-09T12:16:26","modified_gmt":"2024-12-09T12:16:26","slug":"3-dereceli-gem","status":"publish","type":"product","link":"https:\/\/atmalzemesi.com\/eskisite\/urun\/3-dereceli-gem\/","title":{"rendered":"3 Dereceli Gem"},"content":{"rendered":"<p>3 Dereceli Gem<\/p>\n<p>Halkal\u0131 dereceli gem veya Pessoa gemi olarak adland\u0131r\u0131l\u0131r ve normal u\u00e7 halkalar\u0131n\u0131n \u00fcst\u00fcndeki ve alt\u0131ndaki ekstra halkalardan tan\u0131nabilir. \u00dcst halka yana\u011f\u0131, alt halka dizgini tutturmak i\u00e7in kullan\u0131l\u0131r. Dizgini kullan\u0131rken, \u00fcst halka \u00f6ne e\u011filecek ve kald\u0131ra\u00e7 olu\u015fturacakt\u0131r. Darbenin g\u00fcc\u00fc, a\u011f\u0131zl\u0131\u011f\u0131n tipine, malzemeye ve halka say\u0131s\u0131na g\u00f6re belirlenir. En alttaki halkaya inildik\u00e7e gemin sertli\u011fi artacakt\u0131r<\/p>\n<p>&nbsp;<\/p>\n","protected":false},"excerpt":{"rendered":"<p>Halkal\u0131 dereceli gem veya Pessoa gemi olarak adland\u0131r\u0131l\u0131r.<\/p>\n","protected":false},"featured_media":10749,"comment_status":"open","ping_status":"closed","template":"","meta":{"_joinchat":[]},"product_cat":[374,573],"product_tag":[437,582,580,581],"class_list":{"0":"post-14297","1":"product","2":"type-product","3":"status-publish","4":"has-post-thumbnail","6":"product_cat-at-malzemeleri","7":"product_cat-kantarma-gem","8":"product_tag-atmalzemesi","9":"product_tag-dereceli-kantarma","10":"product_tag-gem","11":"product_tag-kantarma","13":"first","14":"instock","15":"shipping-taxable","16":"purchasable","17":"product-type-variable"},"_links":{"self":[{"href":"https:\/\/atmalzemesi.com\/eskisite\/wp-json\/wp\/v2\/product\/14297","targetHints":{"allow":["GET"]}}],"collection":[{"href":"https:\/\/atmalzemesi.com\/eskisite\/wp-json\/wp\/v2\/product"}],"about":[{"href":"https:\/\/atmalzemesi.com\/eskisite\/wp-json\/wp\/v2\/types\/product"}],"replies":[{"embeddable":true,"href":"https:\/\/atmalzemesi.com\/eskisite\/wp-json\/wp\/v2\/comments?post=14297"}],"version-history":[{"count":0,"href":"https:\/\/atmalzemesi.com\/eskisite\/wp-json\/wp\/v2\/product\/14297\/revisions"}],"wp:featuredmedia":[{"embeddable":true,"href":"https:\/\/atmalzemesi.com\/eskisite\/wp-json\/wp\/v2\/media\/10749"}],"wp:attachment":[{"href":"https:\/\/atmalzemesi.com\/eskisite\/wp-json\/wp\/v2\/media?parent=14297"}],"wp:term":[{"taxonomy":"product_cat","embeddable":true,"href":"https:\/\/atmalzemesi.com\/eskisite\/wp-json\/wp\/v2\/product_cat?post=14297"},{"taxonomy":"product_tag","embeddable":true,"href":"https:\/\/atmalzemesi.com\/eskisite\/wp-json\/wp\/v2\/product_tag?post=14297"}],"curies":[{"name":"wp","href":"https:\/\/api.w.org\/{rel}","templated":true}]}}