{"id":14325,"date":"2024-12-12T14:06:21","date_gmt":"2024-12-12T14:06:21","guid":{"rendered":"https:\/\/atmalzemesi.com\/eskisite\/?post_type=product&#038;p=14325"},"modified":"2024-12-12T14:11:05","modified_gmt":"2024-12-12T14:11:05","slug":"seyahat-getri","status":"publish","type":"product","link":"https:\/\/atmalzemesi.com\/eskisite\/urun\/seyahat-getri\/","title":{"rendered":"Seyahat Getri"},"content":{"rendered":"<p>Seyahat Getri Tak\u0131m\u0131<\/p>\n<p>Atlar\u0131 transferi s\u0131ras\u0131nda \u00a0\u00e7arpmalara kar\u015f\u0131 ayaklar\u0131na zarar gelmesin diye kullan\u0131lan koruma ama\u00e7l\u0131 malzeme.<\/p>\n<p>\u00d6n ve arka olarak sat\u0131lmaktad\u0131r.<\/p>\n","protected":false},"excerpt":{"rendered":"<p>Atlar\u0131 transferi s\u0131ras\u0131nda \u00a0ayaklar\u0131na zarar gelmesin diye kullan\u0131l\u0131r.<\/p>\n","protected":false},"featured_media":14328,"comment_status":"open","ping_status":"closed","template":"","meta":{"_joinchat":[]},"product_cat":[374,596,335],"product_tag":[576,437,597],"class_list":{"0":"post-14325","1":"product","2":"type-product","3":"status-publish","4":"has-post-thumbnail","6":"product_cat-at-malzemeleri","7":"product_cat-getri","8":"product_cat-urunler","9":"product_tag-ahirmalzemelesi","10":"product_tag-atmalzemesi","11":"product_tag-getr","13":"first","14":"instock","15":"shipping-taxable","16":"purchasable","17":"product-type-simple"},"_links":{"self":[{"href":"https:\/\/atmalzemesi.com\/eskisite\/wp-json\/wp\/v2\/product\/14325","targetHints":{"allow":["GET"]}}],"collection":[{"href":"https:\/\/atmalzemesi.com\/eskisite\/wp-json\/wp\/v2\/product"}],"about":[{"href":"https:\/\/atmalzemesi.com\/eskisite\/wp-json\/wp\/v2\/types\/product"}],"replies":[{"embeddable":true,"href":"https:\/\/atmalzemesi.com\/eskisite\/wp-json\/wp\/v2\/comments?post=14325"}],"version-history":[{"count":0,"href":"https:\/\/atmalzemesi.com\/eskisite\/wp-json\/wp\/v2\/product\/14325\/revisions"}],"wp:featuredmedia":[{"embeddable":true,"href":"https:\/\/atmalzemesi.com\/eskisite\/wp-json\/wp\/v2\/media\/14328"}],"wp:attachment":[{"href":"https:\/\/atmalzemesi.com\/eskisite\/wp-json\/wp\/v2\/media?parent=14325"}],"wp:term":[{"taxonomy":"product_cat","embeddable":true,"href":"https:\/\/atmalzemesi.com\/eskisite\/wp-json\/wp\/v2\/product_cat?post=14325"},{"taxonomy":"product_tag","embeddable":true,"href":"https:\/\/atmalzemesi.com\/eskisite\/wp-json\/wp\/v2\/product_tag?post=14325"}],"curies":[{"name":"wp","href":"https:\/\/api.w.org\/{rel}","templated":true}]}}